{"id":12023,"date":"2024-09-06T11:37:44","date_gmt":"2024-09-06T15:37:44","guid":{"rendered":"https:\/\/madnesscanada.com\/?page_id=12023"},"modified":"2026-04-20T08:43:13","modified_gmt":"2026-04-20T12:43:13","slug":"the-future","status":"publish","type":"page","link":"https:\/\/dev.madnesscanada.com\/fr\/contributor-exhibits\/lets-talk-mental-health\/the-future\/","title":{"rendered":"L&rsquo;avenir"},"content":{"rendered":"<h1 class=\"wp-block-heading\">L&rsquo;avenir<\/h1>\n\n\n\n<p>En lisant et r\u00e9fl\u00e9chissant sur cette ligne du temps, comment envisagez-vous l\u2019avenir des soins en sant\u00e9 mentale?<\/p>\n\n\n\n<p>Quel engagement prendrez-vous pour contrer la stigmatisation de la sant\u00e9 mentale?<\/p>\n\n\n\n<p>Comment les patients chroniques (maintenant appel\u00e9s \u00ab clients \u00bb) devraient-ils \u00eatre soign\u00e9s et trait\u00e9s de mani\u00e8re \u00e0 respecter leur dignit\u00e9 ?<\/p>\n\n\n\n<p>Pouvez-vous identifier des attitudes et des comportements qui favorisent la stigmatisation de la maladie mentale ?<\/p>\n\n\n\n<p>J&rsquo;aimerais conna\u00eetre votre avis ! Si vous souhaitez les partager ou me contacter pour une autre raison, envoyez-moi un courriel.<\/p>\n\n\n\n<p><strong>Clarissa Andrade (<a href=\"mailto:candrade1@ustboniface.ca\">candrade1@ustboniface.ca<\/a>)<\/strong><\/p>\n\n\n<!-- Widget Shortcode --><div id=\"nav_menu-88\" class=\"widget widget_nav_menu widget-shortcode area-arbitrary \"><h2 class=\"widgettitle\">Explorer davantage<\/h2><nav class=\"menu-lets-talk-mental-health-container\" aria-label=\"Explorer davantage\"><ul id=\"menu-lets-talk-mental-health-1\" class=\"menu\"><li class=\"menu-item menu-item-type-post_type menu-item-object-page menu-item-12044\"><a href=\"https:\/\/dev.madnesscanada.com\/fr\/contributor-exhibits\/lets-talk-mental-health\/the-end-of-the-19th-century\/\">Fin Si\u00e8cle 19<\/a><\/li>\n<li class=\"menu-item menu-item-type-post_type menu-item-object-page menu-item-12046\"><a href=\"https:\/\/dev.madnesscanada.com\/fr\/contributor-exhibits\/lets-talk-mental-health\/the-start-of-the-20th-century\/\">Si\u00e8cle 20<\/a><\/li>\n<li class=\"menu-item menu-item-type-post_type menu-item-object-page menu-item-12057\"><a href=\"https:\/\/dev.madnesscanada.com\/fr\/contributor-exhibits\/lets-talk-mental-health\/the-transition-period\/\">Transition<\/a><\/li>\n<li class=\"menu-item menu-item-type-post_type menu-item-object-page menu-item-12056\"><a href=\"https:\/\/dev.madnesscanada.com\/fr\/contributor-exhibits\/lets-talk-mental-health\/today\/\">Aujourd\u2019hui<\/a><\/li>\n<li class=\"menu-item menu-item-type-post_type menu-item-object-page menu-item-12055\"><a href=\"https:\/\/dev.madnesscanada.com\/fr\/contributor-exhibits\/lets-talk-mental-health\/the-future\/\">L\u2019avenir<\/a><\/li>\n<li class=\"menu-item menu-item-type-post_type menu-item-object-post menu-item-655\"><a href=\"https:\/\/dev.madnesscanada.com\/fr\/lets-talk-mental-health\/\">Page d&rsquo;affichage officiel<\/a><\/li>\n<\/ul><\/nav><\/div><!-- \/Widget Shortcode -->","protected":false},"excerpt":{"rendered":"<p>L&rsquo;avenir En lisant et r\u00e9fl\u00e9chissant sur cette ligne du temps, comment envisagez-vous l\u2019avenir des soins en sant\u00e9 mentale? Quel engagement prendrez-vous pour contrer la stigmatisation de la sant\u00e9 mentale? Comment les patients chroniques (maintenant appel\u00e9s \u00ab clients \u00bb) devraient-ils \u00eatre soign\u00e9s et trait\u00e9s de mani\u00e8re \u00e0 respecter leur dignit\u00e9 ? Pouvez-vous identifier des attitudes et &hellip; <\/p>\n<p class=\"link-more\"><a href=\"https:\/\/dev.madnesscanada.com\/fr\/contributor-exhibits\/lets-talk-mental-health\/the-future\/\" class=\"more-link\">Continuer la lecture<span class=\"screen-reader-text\"> de &laquo;&nbsp;L&rsquo;avenir&nbsp;&raquo;<\/span><\/a><\/p>\n","protected":false},"author":7,"featured_media":0,"parent":12019,"menu_order":4,"comment_status":"closed","ping_status":"closed","template":"","meta":{"footnotes":""},"class_list":["post-12023","page","type-page","status-publish","hentry"],"_links":{"self":[{"href":"https:\/\/dev.madnesscanada.com\/fr\/wp-json\/wp\/v2\/pages\/12023","targetHints":{"allow":["GET"]}}],"collection":[{"href":"https:\/\/dev.madnesscanada.com\/fr\/wp-json\/wp\/v2\/pages"}],"about":[{"href":"https:\/\/dev.madnesscanada.com\/fr\/wp-json\/wp\/v2\/types\/page"}],"author":[{"embeddable":true,"href":"https:\/\/dev.madnesscanada.com\/fr\/wp-json\/wp\/v2\/users\/7"}],"replies":[{"embeddable":true,"href":"https:\/\/dev.madnesscanada.com\/fr\/wp-json\/wp\/v2\/comments?post=12023"}],"version-history":[{"count":4,"href":"https:\/\/dev.madnesscanada.com\/fr\/wp-json\/wp\/v2\/pages\/12023\/revisions"}],"predecessor-version":[{"id":1454,"href":"https:\/\/dev.madnesscanada.com\/fr\/wp-json\/wp\/v2\/pages\/12023\/revisions\/1454"}],"up":[{"embeddable":true,"href":"https:\/\/dev.madnesscanada.com\/fr\/wp-json\/wp\/v2\/pages\/12019"}],"wp:attachment":[{"href":"https:\/\/dev.madnesscanada.com\/fr\/wp-json\/wp\/v2\/media?parent=12023"}],"curies":[{"name":"wp","href":"https:\/\/api.w.org\/{rel}","templated":true}]}}