{"id":12024,"date":"2024-09-06T11:36:38","date_gmt":"2024-09-06T15:36:38","guid":{"rendered":"https:\/\/dev.madnesscanada.com\/?page_id=12024"},"modified":"2026-04-15T18:24:33","modified_gmt":"2026-04-15T22:24:33","slug":"today","status":"publish","type":"page","link":"https:\/\/dev.madnesscanada.com\/fr\/contributor-exhibits\/lets-talk-mental-health\/today\/","title":{"rendered":"Aujourd&rsquo;hui"},"content":{"rendered":"<!-- Widget Shortcode --><div id=\"nav_menu-8\" class=\"widget widget_nav_menu widget-shortcode area-arbitrary \"><h2 class=\"widgettitle\">(English) Contributing Exhibits<\/h2><nav class=\"menu-contributor-exhibits-container\" aria-label=\"(English) Contributing Exhibits\"><ul id=\"menu-contributor-exhibits\" class=\"menu\"><li id=\"menu-item-1076\" class=\"menu-item menu-item-type-post_type menu-item-object-page menu-item-1076\"><a href=\"https:\/\/dev.madnesscanada.com\/fr\/contributor-exhibits\/\">Pr\u00e9sentation d\u2019expositions<\/a><\/li>\n<li id=\"menu-item-12247\" class=\"menu-item menu-item-type-post_type menu-item-object-page menu-item-12247\"><a href=\"https:\/\/dev.madnesscanada.com\/fr\/contributor-exhibits\/lets-talk-mental-health\/\">Parlons sant\u00e9 mentale<\/a><\/li>\n<\/ul><\/nav><\/div><!-- \/Widget Shortcode -->\r\n\r\n<!-- Widget Shortcode --><div id=\"search-3\" class=\"widget widget_search widget-shortcode area-arbitrary \"><h2 class=\"widgettitle\">(English) SEARCH<\/h2>\n\n<form role=\"search\" method=\"get\" class=\"search-form\" action=\"https:\/\/dev.madnesscanada.com\/fr\/\">\n\t<label for=\"search-form-1\">\n\t\t<span class=\"screen-reader-text\">\n\t\t\tRecherche pour :\t\t<\/span>\n\t<\/label>\n\t<input type=\"search\" id=\"search-form-1\" class=\"search-field\" placeholder=\"Recherche&hellip;\" value=\"\" name=\"s\" \/>\n\t<button type=\"submit\" class=\"search-submit\"><svg class=\"icon icon-search\" aria-hidden=\"true\" role=\"img\"> <use href=\"#icon-search\" xlink:href=\"#icon-search\"><\/use> <\/svg><span class=\"screen-reader-text\">\n\t\tRecherche\t<\/span><\/button>\n<\/form>\n<\/div><!-- \/Widget Shortcode -->\r\n<div class=\"rightmenu\"><!-- Widget Shortcode --><div id=\"nav_menu-88\" class=\"widget widget_nav_menu widget-shortcode area-arbitrary \"><h2 class=\"widgettitle\">(English) Explore More<\/h2><nav class=\"menu-lets-talk-mental-health-container\" aria-label=\"(English) Explore More\"><ul id=\"menu-lets-talk-mental-health-1\" class=\"menu\"><li class=\"menu-item menu-item-type-post_type menu-item-object-page menu-item-12044\"><a href=\"https:\/\/dev.madnesscanada.com\/fr\/contributor-exhibits\/lets-talk-mental-health\/the-end-of-the-19th-century\/\">Fin Si\u00e8cle 19<\/a><\/li>\n<li class=\"menu-item menu-item-type-post_type menu-item-object-page menu-item-12046\"><a href=\"https:\/\/dev.madnesscanada.com\/fr\/contributor-exhibits\/lets-talk-mental-health\/the-start-of-the-20th-century\/\">Si\u00e8cle 20<\/a><\/li>\n<li class=\"menu-item menu-item-type-post_type menu-item-object-page menu-item-12057\"><a href=\"https:\/\/dev.madnesscanada.com\/fr\/contributor-exhibits\/lets-talk-mental-health\/the-transition-period\/\">Transition<\/a><\/li>\n<li class=\"menu-item menu-item-type-post_type menu-item-object-page menu-item-12056\"><a href=\"https:\/\/dev.madnesscanada.com\/fr\/contributor-exhibits\/lets-talk-mental-health\/today\/\">Aujourd\u2019hui<\/a><\/li>\n<li class=\"menu-item menu-item-type-post_type menu-item-object-page menu-item-12055\"><a href=\"https:\/\/dev.madnesscanada.com\/fr\/contributor-exhibits\/lets-talk-mental-health\/the-future\/\">L\u2019avenir<\/a><\/li>\n<li class=\"menu-item menu-item-type-post_type menu-item-object-post menu-item-655\"><a href=\"https:\/\/dev.madnesscanada.com\/fr\/lets-talk-mental-health\/\">Parlons sant\u00e9 mentale : une exposition pour faire r\u00e9fl\u00e9chir<\/a><\/li>\n<\/ul><\/nav><\/div><!-- \/Widget Shortcode --><\/div>\r\n[breadcrumb]\r\n<h1>Aujourd&rsquo;hui<\/h1>\r\nLes changements de nom comme <em>\u00ab\u00a0Manitoba Asylum\u00a0\u00bb<\/em>, <em>\u00ab\u00a0Selkirk Insane Hospital\u00a0\u00bb<\/em>, <em>\u00ab\u00a0Selkirk Hospital for Mental Diseases\u00a0\u00bb<\/em>, et <em>\u00ab\u00a0Selkirk Mental Health Centre\u00a0\u00bb<\/em>, refl\u00e8tent les changements d&rsquo;attitude, de philosophie et de fonction qui marquent le cours de progr\u00e8s dans la prise en charge et le traitement de la sant\u00e9 mental.\r\n<h4>SELKIRK<\/h4>\r\n<strong>2009<\/strong> \u2013 Le dernier asile au Canada a ferm\u00e9 ses portes. Depuis lors, de nombreux anciens b\u00e2timents d&rsquo;asile ont \u00e9t\u00e9 r\u00e9am\u00e9nag\u00e9s ou d\u00e9molis. Il est rare que les m\u00eames b\u00e2timents soient encore entretenus dans des circonstances diff\u00e9rentes, comme \u00e0 Selkirk.\r\n\r\n<strong>2024<\/strong> \u2013 Le Centre de sant\u00e9 mentale de Selkirk est un \u00e9tablissement de 252 lits qui offre des services sp\u00e9cialis\u00e9s en milieu hospitalier de soins de sant\u00e9 mentale, de traitement des l\u00e9sions c\u00e9r\u00e9brales acquises et de r\u00e9adaptation aux r\u00e9sidents du Manitoba dont les besoins complexes ne peuvent \u00eatre combl\u00e9s ailleurs dans le syst\u00e8me provincial de soins de sant\u00e9. Il est compos\u00e9 de psychiatres, d&rsquo;infirmiers, de travailleurs sociaux, d&rsquo;ergoth\u00e9rapeutes, de physioth\u00e9rapeutes, d&rsquo;orthophonistes, de psychologues, d&rsquo;orthophonistes qui participent \u00e0 des \u00e9quipes de traitement dont le but est de r\u00e9pondre aux besoins du patient et d&rsquo;\u00e9laborer des plans permettant son retour \u00e0 la vie communautaire.\r\n<h4>BRANDON<\/h4>\r\nL&rsquo;ancienne r\u00e9sidence des infirmi\u00e8res abrite maintenant l&rsquo;Institut des arts culinaires du Manitoba du Coll\u00e8ge communautaire Assiniboine et le Coll\u00e8ge a longtemps &#8211; plans \u00e0 terme pour l&rsquo;utilisation d&rsquo;autres b\u00e2timents sur le site.\r\n<h4>PORTAGE LA PRAIRIE<\/h4>\r\n<strong>2010<\/strong> \u2013 Community Living Manitoba a d\u00e9pos\u00e9 une plainte en mati\u00e8re de droits de la personne au nom des personnes qui r\u00e9sident toujours au MDC.\r\n\r\n<strong>2018<\/strong> \u2013 Le chemin vers la fermeture des \u00e9tablissements est toujours en cours au Manitoba. Un recours collectif a \u00e9t\u00e9 d\u00e9pos\u00e9 all\u00e9guant que le gouvernement n&rsquo;a pas pris soin et n\u2019a pas prot\u00e9g\u00e9 les personnes qui vivent au MDC.\r\n\r\n<strong>2024<\/strong> &#8211; L&rsquo;\u00e9tablissement fermera et les gens du Manitoba pourront se concentrer sur la gu\u00e9rison et le r\u00e9tablissement. Le Manitoba s&rsquo;est fermement engag\u00e9 \u00e0 faire en sorte qu&rsquo;il n&rsquo;y ait plus jamais d&rsquo;autre \u00e9tablissement pour les personnes \u00e9tiquet\u00e9es \u2026\r\n<h4>Sources<\/h4>\r\nCentre de sant\u00e9 mentale de Selkirk &#8211; Soins communs (soinscommunsmb.ca)\r\n[https:\/\/soinscommunsmb.ca\/services\/sante-mentale\/smhc\/]\r\n\r\nModule trois : Manitoba \u2013 Truths of Institutionalization\r\n[https:\/\/truthsofinstitutionalization.ca\/fr\/modules\/module-trois-mb\/]","protected":false},"excerpt":{"rendered":"<p>[breadcrumb] Aujourd&rsquo;hui Les changements de nom comme \u00ab\u00a0Manitoba Asylum\u00a0\u00bb, \u00ab\u00a0Selkirk Insane Hospital\u00a0\u00bb, \u00ab\u00a0Selkirk Hospital for Mental Diseases\u00a0\u00bb, et \u00ab\u00a0Selkirk Mental Health Centre\u00a0\u00bb, refl\u00e8tent les changements d&rsquo;attitude, de philosophie et de fonction qui marquent le cours de progr\u00e8s dans la prise en charge et le traitement de la sant\u00e9 mental. SELKIRK 2009 \u2013 Le dernier asile &hellip; <\/p>\n<p class=\"link-more\"><a href=\"https:\/\/dev.madnesscanada.com\/fr\/contributor-exhibits\/lets-talk-mental-health\/today\/\" class=\"more-link\">Continuer la lecture<span class=\"screen-reader-text\"> de &laquo;&nbsp;Aujourd&rsquo;hui&nbsp;&raquo;<\/span><\/a><\/p>\n","protected":false},"author":7,"featured_media":0,"parent":12019,"menu_order":3,"comment_status":"closed","ping_status":"closed","template":"","meta":{"footnotes":""},"class_list":["post-12024","page","type-page","status-publish","hentry"],"_links":{"self":[{"href":"https:\/\/dev.madnesscanada.com\/fr\/wp-json\/wp\/v2\/pages\/12024","targetHints":{"allow":["GET"]}}],"collection":[{"href":"https:\/\/dev.madnesscanada.com\/fr\/wp-json\/wp\/v2\/pages"}],"about":[{"href":"https:\/\/dev.madnesscanada.com\/fr\/wp-json\/wp\/v2\/types\/page"}],"author":[{"embeddable":true,"href":"https:\/\/dev.madnesscanada.com\/fr\/wp-json\/wp\/v2\/users\/7"}],"replies":[{"embeddable":true,"href":"https:\/\/dev.madnesscanada.com\/fr\/wp-json\/wp\/v2\/comments?post=12024"}],"version-history":[{"count":4,"href":"https:\/\/dev.madnesscanada.com\/fr\/wp-json\/wp\/v2\/pages\/12024\/revisions"}],"predecessor-version":[{"id":660,"href":"https:\/\/dev.madnesscanada.com\/fr\/wp-json\/wp\/v2\/pages\/12024\/revisions\/660"}],"up":[{"embeddable":true,"href":"https:\/\/dev.madnesscanada.com\/fr\/wp-json\/wp\/v2\/pages\/12019"}],"wp:attachment":[{"href":"https:\/\/dev.madnesscanada.com\/fr\/wp-json\/wp\/v2\/media?parent=12024"}],"curies":[{"name":"wp","href":"https:\/\/api.w.org\/{rel}","templated":true}]}}