{"id":12025,"date":"2024-09-06T11:34:10","date_gmt":"2024-09-06T15:34:10","guid":{"rendered":"https:\/\/dev.madnesscanada.com\/?page_id=12025"},"modified":"2026-04-15T18:23:55","modified_gmt":"2026-04-15T22:23:55","slug":"the-transition-period","status":"publish","type":"page","link":"https:\/\/dev.madnesscanada.com\/fr\/contributor-exhibits\/lets-talk-mental-health\/the-transition-period\/","title":{"rendered":"Transition"},"content":{"rendered":"<!-- Widget Shortcode --><div id=\"nav_menu-8\" class=\"widget widget_nav_menu widget-shortcode area-arbitrary \"><h2 class=\"widgettitle\">(English) Contributing Exhibits<\/h2><nav class=\"menu-contributor-exhibits-container\" aria-label=\"(English) Contributing Exhibits\"><ul id=\"menu-contributor-exhibits\" class=\"menu\"><li id=\"menu-item-1076\" class=\"menu-item menu-item-type-post_type menu-item-object-page menu-item-1076\"><a href=\"https:\/\/dev.madnesscanada.com\/fr\/contributor-exhibits\/\">Pr\u00e9sentation d\u2019expositions<\/a><\/li>\n<li id=\"menu-item-12247\" class=\"menu-item menu-item-type-post_type menu-item-object-page menu-item-12247\"><a href=\"https:\/\/dev.madnesscanada.com\/fr\/contributor-exhibits\/lets-talk-mental-health\/\">Parlons sant\u00e9 mentale<\/a><\/li>\n<\/ul><\/nav><\/div><!-- \/Widget Shortcode -->\r\n\r\n<!-- Widget Shortcode --><div id=\"search-3\" class=\"widget widget_search widget-shortcode area-arbitrary \"><h2 class=\"widgettitle\">(English) SEARCH<\/h2>\n\n<form role=\"search\" method=\"get\" class=\"search-form\" action=\"https:\/\/dev.madnesscanada.com\/fr\/\">\n\t<label for=\"search-form-1\">\n\t\t<span class=\"screen-reader-text\">\n\t\t\tRecherche pour :\t\t<\/span>\n\t<\/label>\n\t<input type=\"search\" id=\"search-form-1\" class=\"search-field\" placeholder=\"Recherche&hellip;\" value=\"\" name=\"s\" \/>\n\t<button type=\"submit\" class=\"search-submit\"><svg class=\"icon icon-search\" aria-hidden=\"true\" role=\"img\"> <use href=\"#icon-search\" xlink:href=\"#icon-search\"><\/use> <\/svg><span class=\"screen-reader-text\">\n\t\tRecherche\t<\/span><\/button>\n<\/form>\n<\/div><!-- \/Widget Shortcode -->\r\n<div class=\"rightmenu\"><!-- Widget Shortcode --><div id=\"nav_menu-88\" class=\"widget widget_nav_menu widget-shortcode area-arbitrary \"><h2 class=\"widgettitle\">(English) Explore More<\/h2><nav class=\"menu-lets-talk-mental-health-container\" aria-label=\"(English) Explore More\"><ul id=\"menu-lets-talk-mental-health-1\" class=\"menu\"><li class=\"menu-item menu-item-type-post_type menu-item-object-page menu-item-12044\"><a href=\"https:\/\/dev.madnesscanada.com\/fr\/contributor-exhibits\/lets-talk-mental-health\/the-end-of-the-19th-century\/\">Fin Si\u00e8cle 19<\/a><\/li>\n<li class=\"menu-item menu-item-type-post_type menu-item-object-page menu-item-12046\"><a href=\"https:\/\/dev.madnesscanada.com\/fr\/contributor-exhibits\/lets-talk-mental-health\/the-start-of-the-20th-century\/\">Si\u00e8cle 20<\/a><\/li>\n<li class=\"menu-item menu-item-type-post_type menu-item-object-page menu-item-12057\"><a href=\"https:\/\/dev.madnesscanada.com\/fr\/contributor-exhibits\/lets-talk-mental-health\/the-transition-period\/\">Transition<\/a><\/li>\n<li class=\"menu-item menu-item-type-post_type menu-item-object-page menu-item-12056\"><a href=\"https:\/\/dev.madnesscanada.com\/fr\/contributor-exhibits\/lets-talk-mental-health\/today\/\">Aujourd\u2019hui<\/a><\/li>\n<li class=\"menu-item menu-item-type-post_type menu-item-object-page menu-item-12055\"><a href=\"https:\/\/dev.madnesscanada.com\/fr\/contributor-exhibits\/lets-talk-mental-health\/the-future\/\">L\u2019avenir<\/a><\/li>\n<li class=\"menu-item menu-item-type-post_type menu-item-object-post menu-item-655\"><a href=\"https:\/\/dev.madnesscanada.com\/fr\/lets-talk-mental-health\/\">Parlons sant\u00e9 mentale : une exposition pour faire r\u00e9fl\u00e9chir<\/a><\/li>\n<\/ul><\/nav><\/div><!-- \/Widget Shortcode --><\/div>\r\n[breadcrumb]\r\n<h1>Transition<\/h1>\r\nEntre 1950 et 1960 &#8211; Des changements qui ont refa\u00e7onn\u00e9 le cours des services de sant\u00e9 mentale, entre autres l&rsquo;introduction de nouveaux m\u00e9dicaments a effectivement stabilis\u00e9 des sympt\u00f4mes plus inhabituels des malades mentaux \u00e0 un point tel que le retour \u00e0 la vie communautaire est devenu une option\r\n<h4>SELKIRK<\/h4>\r\n<strong>1957<\/strong> \u2013 Chute de la population de patients \u00e0 l&rsquo;h\u00f4pital de Selkirk, de 1200 patients hospitalis\u00e9s \u00e0 moins de 280.\r\n\r\n<strong>1973<\/strong> \u2013 Chang\u00e9 de nom et il \u00e9tait devenu le Selkirk Mental Health Centre, refl\u00e9tant ces changements d&rsquo;attitudes envers la sant\u00e9 mentale.\r\n\r\n<strong>1978<\/strong> &#8211; Le b\u00e2timent principal d&rsquo;origine a \u00e9t\u00e9 ferm\u00e9 et d\u00e9moli en raison de conditions de vie dangereuses.\r\n\r\n<strong>1998<\/strong> &#8211; Le Centre de sant\u00e9 mentale de Selkirk ferme officiellement ses portes.\r\n<div class=\"captionpicsaligned short260\" style=\"clear: both;\">\r\n\r\n<figure id=\"attachment_12173\" aria-describedby=\"caption-attachment-12173\" style=\"width: 300px\" class=\"wp-caption alignleft\"><a href=\"https:\/\/dev.madnesscanada.com\/wp-content\/uploads\/GPSA_ZZ-8-1-6-3-78-12655.jpg\"><img loading=\"lazy\" decoding=\"async\" class=\"wp-image-12173 size-medium\" src=\"https:\/\/dev.madnesscanada.com\/wp-content\/uploads\/GPSA_ZZ-8-1-6-3-78-12655-300x249.jpg\" alt=\"\" width=\"300\" height=\"249\" srcset=\"https:\/\/dev.madnesscanada.com\/wp-content\/uploads\/GPSA_ZZ-8-1-6-3-78-12655-300x249.jpg 300w, https:\/\/dev.madnesscanada.com\/wp-content\/uploads\/GPSA_ZZ-8-1-6-3-78-12655-1024x851.jpg 1024w, https:\/\/dev.madnesscanada.com\/wp-content\/uploads\/GPSA_ZZ-8-1-6-3-78-12655-768x638.jpg 768w, https:\/\/dev.madnesscanada.com\/wp-content\/uploads\/GPSA_ZZ-8-1-6-3-78-12655.jpg 1232w\" sizes=\"auto, (max-width: 300px) 100vw, 300px\" \/><\/a><figcaption id=\"caption-attachment-12173\" class=\"wp-caption-text\">D\u00e9molition de l&rsquo;h\u00f4pital psychiatrique de Selkirk<\/figcaption><\/figure>\r\n\r\n<figure id=\"attachment_12174\" aria-describedby=\"caption-attachment-12174\" style=\"width: 250px\" class=\"wp-caption alignleft\"><a href=\"https:\/\/dev.madnesscanada.com\/wp-content\/uploads\/GPSA_ZZ-8-1-6-3-78-12656.jpg\"><img loading=\"lazy\" decoding=\"async\" class=\"wp-image-12174 size-medium\" src=\"https:\/\/dev.madnesscanada.com\/wp-content\/uploads\/GPSA_ZZ-8-1-6-3-78-12656-250x300.jpg\" alt=\"\" width=\"250\" height=\"300\" srcset=\"https:\/\/dev.madnesscanada.com\/wp-content\/uploads\/GPSA_ZZ-8-1-6-3-78-12656-250x300.jpg 250w, https:\/\/dev.madnesscanada.com\/wp-content\/uploads\/GPSA_ZZ-8-1-6-3-78-12656-768x920.jpg 768w, https:\/\/dev.madnesscanada.com\/wp-content\/uploads\/GPSA_ZZ-8-1-6-3-78-12656.jpg 855w\" sizes=\"auto, (max-width: 250px) 100vw, 250px\" \/><\/a><figcaption id=\"caption-attachment-12174\" class=\"wp-caption-text\">D\u00e9molition de l&rsquo;h\u00f4pital psychiatrique de Selkirk<\/figcaption><\/figure>\r\n\r\n<figure id=\"attachment_12175\" aria-describedby=\"caption-attachment-12175\" style=\"width: 300px\" class=\"wp-caption alignleft\"><a href=\"https:\/\/dev.madnesscanada.com\/wp-content\/uploads\/GPSA_ZZ-8-1-6-3-78-12657.jpg\"><img loading=\"lazy\" decoding=\"async\" class=\"wp-image-12175 size-medium\" src=\"https:\/\/dev.madnesscanada.com\/wp-content\/uploads\/GPSA_ZZ-8-1-6-3-78-12657-300x250.jpg\" alt=\"\" width=\"300\" height=\"250\" srcset=\"https:\/\/dev.madnesscanada.com\/wp-content\/uploads\/GPSA_ZZ-8-1-6-3-78-12657-300x250.jpg 300w, https:\/\/dev.madnesscanada.com\/wp-content\/uploads\/GPSA_ZZ-8-1-6-3-78-12657-1024x852.jpg 1024w, https:\/\/dev.madnesscanada.com\/wp-content\/uploads\/GPSA_ZZ-8-1-6-3-78-12657-768x639.jpg 768w, https:\/\/dev.madnesscanada.com\/wp-content\/uploads\/GPSA_ZZ-8-1-6-3-78-12657.jpg 1231w\" sizes=\"auto, (max-width: 300px) 100vw, 300px\" \/><\/a><figcaption id=\"caption-attachment-12175\" class=\"wp-caption-text\">D\u00e9molition de l&rsquo;h\u00f4pital psychiatrique de Selkirk<\/figcaption><\/figure>\r\n\r\n<figure id=\"attachment_12176\" aria-describedby=\"caption-attachment-12176\" style=\"width: 251px\" class=\"wp-caption alignleft\"><a href=\"https:\/\/dev.madnesscanada.com\/wp-content\/uploads\/GPSA_ZZ-8-1-6-3-78-12665.jpg\"><img loading=\"lazy\" decoding=\"async\" class=\"wp-image-12176 size-medium\" src=\"https:\/\/dev.madnesscanada.com\/wp-content\/uploads\/GPSA_ZZ-8-1-6-3-78-12665-251x300.jpg\" alt=\"\" width=\"251\" height=\"300\" srcset=\"https:\/\/dev.madnesscanada.com\/wp-content\/uploads\/GPSA_ZZ-8-1-6-3-78-12665-251x300.jpg 251w, https:\/\/dev.madnesscanada.com\/wp-content\/uploads\/GPSA_ZZ-8-1-6-3-78-12665-768x918.jpg 768w, https:\/\/dev.madnesscanada.com\/wp-content\/uploads\/GPSA_ZZ-8-1-6-3-78-12665.jpg 857w\" sizes=\"auto, (max-width: 251px) 100vw, 251px\" \/><\/a><figcaption id=\"caption-attachment-12176\" class=\"wp-caption-text\">D\u00e9molition de l&rsquo;h\u00f4pital psychiatrique de Selkirk<\/figcaption><\/figure>\r\n\r\n<\/div>\r\n<h4 style=\"clear: both;\">BRANDON<\/h4>\r\n<strong>1972<\/strong> \u2013 Changement de nom \u00ab Centre de sant\u00e9 mentale de Brandon \u00bb.\r\n\r\n<strong>1992<\/strong> \u2013 L&rsquo;\u00e9difice Valleyview a ferm\u00e9 ses portes.\r\n\r\n<strong>1999<\/strong> \u2013 Les autres b\u00e2timents ont \u00e9t\u00e9 ferm\u00e9s.\r\n<h4>PORTAGE LA PRAIRIE<\/h4>\r\nLes anciens r\u00e9sidents du MDC, en particulier ceux qui y \u00e9taient dans les ann\u00e9es 1960 et 1970, parlent de traitements inhumains. La peur \u00e9tait omnipr\u00e9sente et l&rsquo;intimit\u00e9 inexistante dans les dortoirs de 30 lits. L&rsquo;isolement cellulaire aurait \u00e9t\u00e9 utilis\u00e9 comme mesure disciplinaire. Certains membres du personnel \u00e9taient physiquement violents. La faim, disent certains, \u00e9tait courante. Les r\u00e9sidents n&rsquo;avaient que peu ou pas de recours et, bien s\u00fbr, n&rsquo;avaient pas le choix d&rsquo;\u00eatre l\u00e0.\r\n<h4>Sources<\/h4>\r\nManitoba Asylum &#8211; Selkirk Museum\r\n[https:\/\/selkirkmuseum.ca\/places\/the-manitoba-asylum\/]\r\n\r\nHistory of SMHC.pdf (smhc-archives.com)\r\n[https:\/\/smhc-archives.com\/index_htm_files\/History of SMHC.pdf]\r\n<h4>Photo Credits<\/h4>\r\n<em>D\u00e9molition de l&rsquo;h\u00f4pital psychiatrique de Selkirk<\/em>\r\nArchives of Manitoba, Government photographs, 78-12634 to 78-12668 Demolition of Selkirk Mental Hospital, ZZ 8-1-6-3","protected":false},"excerpt":{"rendered":"<p>[breadcrumb] Transition Entre 1950 et 1960 &#8211; Des changements qui ont refa\u00e7onn\u00e9 le cours des services de sant\u00e9 mentale, entre autres l&rsquo;introduction de nouveaux m\u00e9dicaments a effectivement stabilis\u00e9 des sympt\u00f4mes plus inhabituels des malades mentaux \u00e0 un point tel que le retour \u00e0 la vie communautaire est devenu une option SELKIRK 1957 \u2013 Chute de &hellip; <\/p>\n<p class=\"link-more\"><a href=\"https:\/\/dev.madnesscanada.com\/fr\/contributor-exhibits\/lets-talk-mental-health\/the-transition-period\/\" class=\"more-link\">Continuer la lecture<span class=\"screen-reader-text\"> de &laquo;&nbsp;Transition&nbsp;&raquo;<\/span><\/a><\/p>\n","protected":false},"author":7,"featured_media":0,"parent":12019,"menu_order":2,"comment_status":"closed","ping_status":"closed","template":"","meta":{"footnotes":""},"class_list":["post-12025","page","type-page","status-publish","hentry"],"_links":{"self":[{"href":"https:\/\/dev.madnesscanada.com\/fr\/wp-json\/wp\/v2\/pages\/12025","targetHints":{"allow":["GET"]}}],"collection":[{"href":"https:\/\/dev.madnesscanada.com\/fr\/wp-json\/wp\/v2\/pages"}],"about":[{"href":"https:\/\/dev.madnesscanada.com\/fr\/wp-json\/wp\/v2\/types\/page"}],"author":[{"embeddable":true,"href":"https:\/\/dev.madnesscanada.com\/fr\/wp-json\/wp\/v2\/users\/7"}],"replies":[{"embeddable":true,"href":"https:\/\/dev.madnesscanada.com\/fr\/wp-json\/wp\/v2\/comments?post=12025"}],"version-history":[{"count":12,"href":"https:\/\/dev.madnesscanada.com\/fr\/wp-json\/wp\/v2\/pages\/12025\/revisions"}],"predecessor-version":[{"id":658,"href":"https:\/\/dev.madnesscanada.com\/fr\/wp-json\/wp\/v2\/pages\/12025\/revisions\/658"}],"up":[{"embeddable":true,"href":"https:\/\/dev.madnesscanada.com\/fr\/wp-json\/wp\/v2\/pages\/12019"}],"wp:attachment":[{"href":"https:\/\/dev.madnesscanada.com\/fr\/wp-json\/wp\/v2\/media?parent=12025"}],"curies":[{"name":"wp","href":"https:\/\/api.w.org\/{rel}","templated":true}]}}