{"id":135,"date":"2019-01-08T15:48:57","date_gmt":"2019-01-08T20:48:57","guid":{"rendered":"https:\/\/dev.madnesscanada.com\/?page_id=135"},"modified":"2024-10-07T08:55:21","modified_gmt":"2024-10-07T12:55:21","slug":"contributor-exhibits","status":"publish","type":"page","link":"https:\/\/dev.madnesscanada.com\/fr\/contributor-exhibits\/","title":{"rendered":"Pr\u00e9sentation d\u2019expositions"},"content":{"rendered":"<p><!-- Widget Shortcode --><div id=\"nav_menu-8\" class=\"widget widget_nav_menu widget-shortcode area-arbitrary \"><h2 class=\"widgettitle\">(English) Contributing Exhibits<\/h2><nav class=\"menu-contributor-exhibits-container\" aria-label=\"(English) Contributing Exhibits\"><ul id=\"menu-contributor-exhibits-1\" class=\"menu\"><li class=\"menu-item menu-item-type-post_type menu-item-object-page menu-item-1076\"><a href=\"https:\/\/dev.madnesscanada.com\/fr\/contributor-exhibits\/\">Pr\u00e9sentation d\u2019expositions<\/a><\/li>\n<li class=\"menu-item menu-item-type-post_type menu-item-object-page menu-item-12247\"><a href=\"https:\/\/dev.madnesscanada.com\/fr\/contributor-exhibits\/lets-talk-mental-health\/\">Parlons sant\u00e9 mentale<\/a><\/li>\n<\/ul><\/nav><\/div><!-- \/Widget Shortcode --><\/p>\n<!-- Widget Shortcode --><div id=\"search-3\" class=\"widget widget_search widget-shortcode area-arbitrary \"><h2 class=\"widgettitle\">(English) SEARCH<\/h2>\n\n<form role=\"search\" method=\"get\" class=\"search-form\" action=\"https:\/\/dev.madnesscanada.com\/fr\/\">\n\t<label for=\"search-form-2\">\n\t\t<span class=\"screen-reader-text\">\n\t\t\tRecherche pour :\t\t<\/span>\n\t<\/label>\n\t<input type=\"search\" id=\"search-form-2\" class=\"search-field\" placeholder=\"Recherche&hellip;\" value=\"\" name=\"s\" \/>\n\t<button type=\"submit\" class=\"search-submit\"><svg class=\"icon icon-search\" aria-hidden=\"true\" role=\"img\"> <use href=\"#icon-search\" xlink:href=\"#icon-search\"><\/use> <\/svg><span class=\"screen-reader-text\">\n\t\tRecherche\t<\/span><\/button>\n<\/form>\n<\/div><!-- \/Widget Shortcode -->\n<h4>Parlons sant\u00e9 mentale<\/h4>\n<p>Pouvons-nous utiliser l\u2019histoire pour briser la stigmatisation entourant la sant\u00e9 mentale ? Clarissa Andrade, coordonnatrice des services de soutien en sant\u00e9 mentale et en bien-\u00eatre \u00e0 l\u2019Universit\u00e9 de Saint-Boniface au Manitoba, pense que la r\u00e9ponse \u00e0 cette question est OUI ! <a href=\"https:\/\/dev.madnesscanada.com\/fr\/contributor-exhibits\/lets-talk-mental-health\/\">Visitez Parlons sant\u00e9 mentale et voyez comment elle y est parvenue<\/a>.<\/p>\n<h4>Pr\u00e9sentation d\u2019expositions<\/h4>\n<p>Il s&rsquo;agit de l&rsquo;espace d&rsquo;exposition public de Madness Canada, destin\u00e9 \u00e0 pr\u00e9senter des manifestations d&rsquo;int\u00e9r\u00eat universitaires et communautaires. Avez-vous une histoire qui pourrait \u00eatre transform\u00e9e en une exposition en ligne &#8211; peut-\u00eatre une s\u00e9rie d&rsquo;art, un chapitre de th\u00e8se, un site Web obsol\u00e8te ou un m\u00e9moire rest\u00e9 dans un tiroir depuis une d\u00e9cennie ?<\/p>\n<p>Si tel est le cas, veuillez nous contacter via <a style=\"font-size: 14px;\" href=\"mailto:madness@yorku.ca\" target=\"_blank\" rel=\"noopener noreferrer\">madness@yorku.ca<\/a>.<\/p>\n<p>&nbsp;<\/p>","protected":false},"excerpt":{"rendered":"<p>Parlons sant\u00e9 mentale Pouvons-nous utiliser l\u2019histoire pour briser la stigmatisation entourant la sant\u00e9 mentale ? Clarissa Andrade, coordonnatrice des services de soutien en sant\u00e9 mentale et en bien-\u00eatre \u00e0 l\u2019Universit\u00e9 de Saint-Boniface au Manitoba, pense que la r\u00e9ponse \u00e0 cette question est OUI ! Visitez Parlons sant\u00e9 mentale et voyez comment elle y est parvenue. &hellip; <\/p>\n<p class=\"link-more\"><a href=\"https:\/\/dev.madnesscanada.com\/fr\/contributor-exhibits\/\" class=\"more-link\">Continuer la lecture<span class=\"screen-reader-text\"> de &laquo;&nbsp;Pr\u00e9sentation d\u2019expositions&nbsp;&raquo;<\/span><\/a><\/p>\n","protected":false},"author":3,"featured_media":0,"parent":0,"menu_order":5,"comment_status":"closed","ping_status":"closed","template":"","meta":{"footnotes":""},"class_list":["post-135","page","type-page","status-publish","hentry"],"_links":{"self":[{"href":"https:\/\/dev.madnesscanada.com\/fr\/wp-json\/wp\/v2\/pages\/135","targetHints":{"allow":["GET"]}}],"collection":[{"href":"https:\/\/dev.madnesscanada.com\/fr\/wp-json\/wp\/v2\/pages"}],"about":[{"href":"https:\/\/dev.madnesscanada.com\/fr\/wp-json\/wp\/v2\/types\/page"}],"author":[{"embeddable":true,"href":"https:\/\/dev.madnesscanada.com\/fr\/wp-json\/wp\/v2\/users\/3"}],"replies":[{"embeddable":true,"href":"https:\/\/dev.madnesscanada.com\/fr\/wp-json\/wp\/v2\/comments?post=135"}],"version-history":[{"count":48,"href":"https:\/\/dev.madnesscanada.com\/fr\/wp-json\/wp\/v2\/pages\/135\/revisions"}],"predecessor-version":[{"id":12272,"href":"https:\/\/dev.madnesscanada.com\/fr\/wp-json\/wp\/v2\/pages\/135\/revisions\/12272"}],"wp:attachment":[{"href":"https:\/\/dev.madnesscanada.com\/fr\/wp-json\/wp\/v2\/media?parent=135"}],"curies":[{"name":"wp","href":"https:\/\/api.w.org\/{rel}","templated":true}]}}