{"id":139,"date":"2019-01-08T15:50:12","date_gmt":"2019-01-08T20:50:12","guid":{"rendered":"https:\/\/dev.madnesscanada.com\/?page_id=139"},"modified":"2026-04-14T07:04:53","modified_gmt":"2026-04-14T11:04:53","slug":"indigenous","status":"publish","type":"page","link":"https:\/\/dev.madnesscanada.com\/fr\/indigenous\/","title":{"rendered":"Indig\u00e8ne"},"content":{"rendered":"<h1 class=\"wp-block-heading\">Indig\u00e8ne<\/h1>\n\n\n\n<p>Nous avons l\u2019intention de faciliter la cr\u00e9ation d\u2019un portail Folie Canada consacr\u00e9 \u00e0 la sant\u00e9 mentale autochtone, mettant de l\u2019avant la recherche universitaire pertinente ainsi que le savoir exp\u00e9rientiel des communaut\u00e9s autochtones transmis par leurs expressions pass\u00e9es et pr\u00e9sentes de traumatisme et de gu\u00e9rison.<\/p>\n\n\n\n<p>Si vous souhaitez participer \u00e0 ce projet, veuillez nous contacter \u00e0 <a href=\"mailto:madness@yorku.ca\">madness@yorku.ca<\/a>.<\/p>","protected":false},"excerpt":{"rendered":"<p>Indig\u00e8ne Nous avons l\u2019intention de faciliter la cr\u00e9ation d\u2019un portail Folie Canada consacr\u00e9 \u00e0 la sant\u00e9 mentale autochtone, mettant de l\u2019avant la recherche universitaire pertinente ainsi que le savoir exp\u00e9rientiel des communaut\u00e9s autochtones transmis par leurs expressions pass\u00e9es et pr\u00e9sentes de traumatisme et de gu\u00e9rison. Si vous souhaitez participer \u00e0 ce projet, veuillez nous contacter &hellip; <\/p>\n<p class=\"link-more\"><a href=\"https:\/\/dev.madnesscanada.com\/fr\/indigenous\/\" class=\"more-link\">Continuer la lecture<span class=\"screen-reader-text\"> de &laquo;&nbsp;Indig\u00e8ne&nbsp;&raquo;<\/span><\/a><\/p>\n","protected":false},"author":3,"featured_media":0,"parent":0,"menu_order":6,"comment_status":"closed","ping_status":"closed","template":"","meta":{"footnotes":""},"class_list":["post-139","page","type-page","status-publish","hentry"],"_links":{"self":[{"href":"https:\/\/dev.madnesscanada.com\/fr\/wp-json\/wp\/v2\/pages\/139","targetHints":{"allow":["GET"]}}],"collection":[{"href":"https:\/\/dev.madnesscanada.com\/fr\/wp-json\/wp\/v2\/pages"}],"about":[{"href":"https:\/\/dev.madnesscanada.com\/fr\/wp-json\/wp\/v2\/types\/page"}],"author":[{"embeddable":true,"href":"https:\/\/dev.madnesscanada.com\/fr\/wp-json\/wp\/v2\/users\/3"}],"replies":[{"embeddable":true,"href":"https:\/\/dev.madnesscanada.com\/fr\/wp-json\/wp\/v2\/comments?post=139"}],"version-history":[{"count":32,"href":"https:\/\/dev.madnesscanada.com\/fr\/wp-json\/wp\/v2\/pages\/139\/revisions"}],"predecessor-version":[{"id":492,"href":"https:\/\/dev.madnesscanada.com\/fr\/wp-json\/wp\/v2\/pages\/139\/revisions\/492"}],"wp:attachment":[{"href":"https:\/\/dev.madnesscanada.com\/fr\/wp-json\/wp\/v2\/media?parent=139"}],"curies":[{"name":"wp","href":"https:\/\/api.w.org\/{rel}","templated":true}]}}