{"id":143,"date":"2019-01-08T15:51:11","date_gmt":"2019-01-08T20:51:11","guid":{"rendered":"https:\/\/dev.madnesscanada.com\/?page_id=143"},"modified":"2022-07-05T15:31:26","modified_gmt":"2022-07-05T19:31:26","slug":"resources","status":"publish","type":"page","link":"https:\/\/dev.madnesscanada.com\/fr\/resources\/","title":{"rendered":"Ressources"},"content":{"rendered":"<p><\/p>\n<!-- Widget Shortcode --><div id=\"nav_menu-3\" class=\"widget widget_nav_menu widget-shortcode area-arbitrary \"><h2 class=\"widgettitle\">(English) Resources<\/h2><nav class=\"menu-resources-container\" aria-label=\"(English) Resources\"><ul id=\"menu-resources-1\" class=\"menu\"><li class=\"menu-item menu-item-type-post_type menu-item-object-page menu-item-836\"><a href=\"https:\/\/dev.madnesscanada.com\/fr\/resources\/\">Ressources<\/a><\/li>\n<li class=\"menu-item menu-item-type-post_type menu-item-object-page menu-item-838\"><a href=\"https:\/\/dev.madnesscanada.com\/fr\/resources\/scholarship\/\">Publications scientifiques<\/a><\/li>\n<li class=\"menu-item menu-item-type-post_type menu-item-object-page menu-item-841\"><a href=\"https:\/\/dev.madnesscanada.com\/fr\/resources\/archives\/\">Archives<\/a><\/li>\n<li class=\"menu-item menu-item-type-post_type menu-item-object-page menu-item-839\"><a href=\"https:\/\/dev.madnesscanada.com\/fr\/resources\/images\/\">Photographies<\/a><\/li>\n<li class=\"menu-item menu-item-type-post_type menu-item-object-page menu-item-840\"><a href=\"https:\/\/dev.madnesscanada.com\/fr\/resources\/video\/\">Vid\u00e9os<\/a><\/li>\n<li class=\"menu-item menu-item-type-post_type menu-item-object-page menu-item-1595\"><a href=\"https:\/\/dev.madnesscanada.com\/fr\/resources\/voices\/\">T\u00e9moignages<\/a><\/li>\n<li class=\"menu-item menu-item-type-post_type menu-item-object-page menu-item-2339\"><a href=\"https:\/\/dev.madnesscanada.com\/fr\/resources\/about-resources\/\">\u00c0 propos des ressources<\/a><\/li>\n<\/ul><\/nav><\/div><!-- \/Widget Shortcode -->\n<!-- Widget Shortcode --><div id=\"search-3\" class=\"widget widget_search widget-shortcode area-arbitrary \"><h2 class=\"widgettitle\">(English) SEARCH<\/h2>\n\n<form role=\"search\" method=\"get\" class=\"search-form\" action=\"https:\/\/dev.madnesscanada.com\/fr\/\">\n\t<label for=\"search-form-2\">\n\t\t<span class=\"screen-reader-text\">\n\t\t\tRecherche pour :\t\t<\/span>\n\t<\/label>\n\t<input type=\"search\" id=\"search-form-2\" class=\"search-field\" placeholder=\"Recherche&hellip;\" value=\"\" name=\"s\" \/>\n\t<button type=\"submit\" class=\"search-submit\"><svg class=\"icon icon-search\" aria-hidden=\"true\" role=\"img\"> <use href=\"#icon-search\" xlink:href=\"#icon-search\"><\/use> <\/svg><span class=\"screen-reader-text\">\n\t\tRecherche\t<\/span><\/button>\n<\/form>\n<\/div><!-- \/Widget Shortcode -->\n<div class=\"gridcontainer\" style=\"margin: 50px auto 0;\">\n<div class=\"double one textonly top\">\n<div class=\"container\" style=\"text-align: left; padding: 0 20px 0; font-weight: normal;\">Folie Canada a longtemps servi de biblioth\u00e8que, de centre de recherche et d\u2019archives virtuelles pour les personnes int\u00e9ress\u00e9es par le sujet de la folie, aujourd\u2019hui comme hier. Nos collections constitu\u00e9es \u00e0 l\u2019origine sont le fruit du travail acharn\u00e9 du sociologue et historien Robert\u00a0Menzies. Nous sommes ravis de continuer \u00e0 remplir ces fonctions gr\u00e2ce \u00e0 notre nouveau site et esp\u00e9rons enrichir nos collections \u00e0 l\u2019avenir.<\/div>\n<\/div>\n<div id=\"one\" class=\"single three top\">\n<div id=\"second-body1\">\n<div class=\"container\">Publications scientifiques<\/p>\n<div id=\"inside_the_text1\" class=\"overlay\">\n<div class=\"text\"><span class=\"text_title_resource\">Publications scientifiques<\/span>\u00a0<\/p>\n<p>Trouver des travaux universitaires relatifs \u00e0 la folie.<\/p>\n<p><a class=\"lonk\" href=\"https:\/\/dev.madnesscanada.com\/resources\/scholarship\/\">Consulter les publications scientifiques <\/a><\/p>\n<\/div>\n<\/div>\n<\/div>\n<\/div>\n<\/div>\n<div id=\"two\" class=\"single one middle\">\n<div id=\"second-body2\">\n<div class=\"container\">Archives<\/p>\n<div id=\"inside_the_text2\" class=\"overlay\">\n<div class=\"text\"><span class=\"text_title_resource\">Archives<\/span> <\/p>\n<p>Explorer les collections de l\u2019histoire de la folie.<\/p>\n<p><a class=\"lonk\" href=\"https:\/\/dev.madnesscanada.com\/resources\/archives\/\">Consulter les archives<\/a><\/p>\n<\/div>\n<\/div>\n<\/div>\n<\/div>\n<\/div>\n<div id=\"three\" class=\"single two middle\">\n<div id=\"second-body3\">\n<div class=\"container\">Photographies<\/p>\n<div id=\"inside_the_text3\" class=\"overlay\">\n<div class=\"text\"><span class=\"text_title_resource\">Photographies<\/span><\/p>\n<p>Examiner les collections de photographies.<\/p>\n<p><a class=\"lonk\" href=\"https:\/\/dev.madnesscanada.com\/resources\/images\/\">Consulter les photographies<\/a><\/p>\n<\/div>\n<\/div>\n<\/div>\n<\/div>\n<\/div>\n<div id=\"four\" class=\"single three middle\">\n<div id=\"second-body4\">\n<div class=\"container\">Vid\u00e9os<\/p>\n<div id=\"inside_the_text4\" class=\"overlay\">\n<div class=\"text\"><span class=\"text_title_resource\">Vid\u00e9os<\/span>\u00a0<\/p>\n<p>Visionner les vid\u00e9os.<\/p>\n<p><a class=\"lonk\" href=\"https:\/\/dev.madnesscanada.com\/resources\/video\/\">Consulter les vid\u00e9os<\/a><\/p>\n<\/div>\n<\/div>\n<\/div>\n<\/div>\n<\/div>\n<div id=\"five\" class=\"single one bottom\">\n<div id=\"second-body5\">\n<div class=\"container\">T\u00e9moignages<\/p>\n<div id=\"inside_the_text5\" class=\"overlay\">\n<div class=\"text\"><span class=\"text_title_resource\">T\u00e9moignages<\/span>\u00a0<\/p>\n<p>\u00c9couter la s\u00e9rie de t\u00e9moignages.<\/p>\n<p><a class=\"lonk\" href=\"https:\/\/dev.madnesscanada.com\/resources\/voices\/\">Consulter les t\u00e9moignages<\/a><\/p>\n<\/div>\n<\/div>\n<\/div>\n<\/div>\n<\/div>\n<div id=\"six\" class=\"single two bottom\">\n<div id=\"second-body6\">\n<div class=\"container\">Archives sonores<\/p>\n<div id=\"inside_the_text6\" class=\"overlay\">\n<div class=\"text\"><span class=\"text_title_resource\">Archives sonores<\/span>\u00a0<\/p>\n<p>\u00c9couter les enregistrements audio.<\/p>\n<p><a class=\"lonk\" href=\"https:\/\/dev.madnesscanada.com\/resources\/sound\/\">Consulter les archives sonores<\/a><\/p>\n<\/div>\n<\/div>\n<\/div>\n<\/div>\n<\/div>\n<div id=\"seven\" class=\"single three bottom\">\n<div id=\"second-body7\">\n<div class=\"container\">\u00c0 propos des ressources<\/p>\n<div id=\"inside_the_text7\" class=\"overlay\">\n<div class=\"text\"><span class=\"text_title_resource\">\u00c0 propos des ressources<\/span>\u00a0<\/p>\n<p>En savoir plus sur le r\u00e9pertoire des ressources.<\/p>\n<p><a class=\"lonk\" href=\"https:\/\/dev.madnesscanada.com\/resources\/about-resources\/\">Consulter les ressources<\/a><\/p>\n<\/div>\n<\/div>\n<\/div>\n<\/div>\n<\/div>\n<\/div>\n<p><\/p>","protected":false},"excerpt":{"rendered":"<p>Folie Canada a longtemps servi de biblioth\u00e8que, de centre de recherche et d\u2019archives virtuelles pour les personnes int\u00e9ress\u00e9es par le sujet de la folie, aujourd\u2019hui comme hier. Nos collections constitu\u00e9es \u00e0 l\u2019origine sont le fruit du travail acharn\u00e9 du sociologue et historien Robert\u00a0Menzies. Nous sommes ravis de continuer \u00e0 remplir ces fonctions gr\u00e2ce \u00e0 notre &hellip; <\/p>\n<p class=\"link-more\"><a href=\"https:\/\/dev.madnesscanada.com\/fr\/resources\/\" class=\"more-link\">Continuer la lecture<span class=\"screen-reader-text\"> de &laquo;&nbsp;Ressources&nbsp;&raquo;<\/span><\/a><\/p>\n","protected":false},"author":3,"featured_media":0,"parent":0,"menu_order":8,"comment_status":"closed","ping_status":"closed","template":"","meta":{"footnotes":""},"class_list":["post-143","page","type-page","status-publish","hentry"],"_links":{"self":[{"href":"https:\/\/dev.madnesscanada.com\/fr\/wp-json\/wp\/v2\/pages\/143","targetHints":{"allow":["GET"]}}],"collection":[{"href":"https:\/\/dev.madnesscanada.com\/fr\/wp-json\/wp\/v2\/pages"}],"about":[{"href":"https:\/\/dev.madnesscanada.com\/fr\/wp-json\/wp\/v2\/types\/page"}],"author":[{"embeddable":true,"href":"https:\/\/dev.madnesscanada.com\/fr\/wp-json\/wp\/v2\/users\/3"}],"replies":[{"embeddable":true,"href":"https:\/\/dev.madnesscanada.com\/fr\/wp-json\/wp\/v2\/comments?post=143"}],"version-history":[{"count":48,"href":"https:\/\/dev.madnesscanada.com\/fr\/wp-json\/wp\/v2\/pages\/143\/revisions"}],"predecessor-version":[{"id":11827,"href":"https:\/\/dev.madnesscanada.com\/fr\/wp-json\/wp\/v2\/pages\/143\/revisions\/11827"}],"wp:attachment":[{"href":"https:\/\/dev.madnesscanada.com\/fr\/wp-json\/wp\/v2\/media?parent=143"}],"curies":[{"name":"wp","href":"https:\/\/api.w.org\/{rel}","templated":true}]}}