{"id":1615,"date":"2019-08-09T17:06:43","date_gmt":"2019-08-09T21:06:43","guid":{"rendered":"https:\/\/madnesscanada.com\/?page_id=1615"},"modified":"2019-11-10T20:11:05","modified_gmt":"2019-11-11T01:11:05","slug":"community-living","status":"publish","type":"page","link":"https:\/\/dev.madnesscanada.com\/fr\/resources\/scholarship\/community-living\/","title":{"rendered":"Int\u00e9gration communautaire"},"content":{"rendered":"<!-- Widget Shortcode --><div id=\"nav_menu-3\" class=\"widget widget_nav_menu widget-shortcode area-arbitrary \"><h2 class=\"widgettitle\">(English) Resources<\/h2><nav class=\"menu-resources-container\" aria-label=\"(English) Resources\"><ul id=\"menu-resources-1\" class=\"menu\"><li class=\"menu-item menu-item-type-post_type menu-item-object-page menu-item-836\"><a href=\"https:\/\/dev.madnesscanada.com\/fr\/resources\/\">Ressources<\/a><\/li>\n<li class=\"menu-item menu-item-type-post_type menu-item-object-page menu-item-838\"><a href=\"https:\/\/dev.madnesscanada.com\/fr\/resources\/scholarship\/\">Publications scientifiques<\/a><\/li>\n<li class=\"menu-item menu-item-type-post_type menu-item-object-page menu-item-841\"><a href=\"https:\/\/dev.madnesscanada.com\/fr\/resources\/archives\/\">Archives<\/a><\/li>\n<li class=\"menu-item menu-item-type-post_type menu-item-object-page menu-item-839\"><a href=\"https:\/\/dev.madnesscanada.com\/fr\/resources\/images\/\">Photographies<\/a><\/li>\n<li class=\"menu-item menu-item-type-post_type menu-item-object-page menu-item-840\"><a href=\"https:\/\/dev.madnesscanada.com\/fr\/resources\/video\/\">Vid\u00e9os<\/a><\/li>\n<li class=\"menu-item menu-item-type-post_type menu-item-object-page menu-item-1595\"><a href=\"https:\/\/dev.madnesscanada.com\/fr\/resources\/voices\/\">T\u00e9moignages<\/a><\/li>\n<li class=\"menu-item menu-item-type-post_type menu-item-object-page menu-item-2339\"><a href=\"https:\/\/dev.madnesscanada.com\/fr\/resources\/about-resources\/\">\u00c0 propos des ressources<\/a><\/li>\n<\/ul><\/nav><\/div><!-- \/Widget Shortcode --><!-- Widget Shortcode --><div id=\"search-3\" class=\"widget widget_search widget-shortcode area-arbitrary \"><h2 class=\"widgettitle\">(English) SEARCH<\/h2>\n\n<form role=\"search\" method=\"get\" class=\"search-form\" action=\"https:\/\/dev.madnesscanada.com\/fr\/\">\n\t<label for=\"search-form-2\">\n\t\t<span class=\"screen-reader-text\">\n\t\t\tRecherche pour :\t\t<\/span>\n\t<\/label>\n\t<input type=\"search\" id=\"search-form-2\" class=\"search-field\" placeholder=\"Recherche&hellip;\" value=\"\" name=\"s\" \/>\n\t<button type=\"submit\" class=\"search-submit\"><svg class=\"icon icon-search\" aria-hidden=\"true\" role=\"img\"> <use href=\"#icon-search\" xlink:href=\"#icon-search\"><\/use> <\/svg><span class=\"screen-reader-text\">\n\t\tRecherche\t<\/span><\/button>\n<\/form>\n<\/div><!-- \/Widget Shortcode -->\r\n<div class=\"rightmenu\"><!-- Widget Shortcode --><div id=\"nav_menu-14\" class=\"widget widget_nav_menu widget-shortcode area-arbitrary \"><h2 class=\"widgettitle\">(English) Community Living<\/h2><nav class=\"menu-community-living-container\" aria-label=\"(English) Community Living\"><ul id=\"menu-community-living-1\" class=\"menu\"><li class=\"menu-item menu-item-type-post_type menu-item-object-page menu-item-1720\"><a href=\"https:\/\/dev.madnesscanada.com\/fr\/resources\/scholarship\/community-living\/\">Int\u00e9gration communautaire<\/a><\/li>\n<li class=\"menu-item menu-item-type-post_type menu-item-object-page menu-item-1721\"><a href=\"https:\/\/dev.madnesscanada.com\/fr\/resources\/scholarship\/community-living\/theses-unpublished\/\">Textes in\u00e9dits \/ th\u00e8ses<\/a><\/li>\n<li class=\"menu-item menu-item-type-post_type menu-item-object-page menu-item-1722\"><a href=\"https:\/\/dev.madnesscanada.com\/fr\/resources\/scholarship\/community-living\/articles-chapters\/\">Articles \/ Chapitres<\/a><\/li>\n<li class=\"menu-item menu-item-type-post_type menu-item-object-page menu-item-1723\"><a href=\"https:\/\/dev.madnesscanada.com\/fr\/resources\/scholarship\/community-living\/books\/\">Livres<\/a><\/li>\n<li class=\"menu-item menu-item-type-post_type menu-item-object-page menu-item-1719\"><a href=\"https:\/\/dev.madnesscanada.com\/fr\/resources\/scholarship\/\">Scholarship<\/a><\/li>\n<\/ul><\/nav><\/div><!-- \/Widget Shortcode --><\/div>\r\n<p>[breadcrumb]<\/p>\r\n<h1>Int\u00e9gration communautaire<\/h1>\r\n<h4 id=\"moduleIntro\" class=\"artefacts\"><strong>Int\u00e9gration communautaire<\/strong>: difficult\u00e9s quotidiennes, logement, travail, collectivit\u00e9, programmes et mesures de soutien<\/h4>\r\n<p>Veuillez cliquer sur les titres de sujets pour d\u00e9couvrir nos propositions de recherche.<\/p><!-- \/wp:post-content -->","protected":false},"excerpt":{"rendered":"<p>[breadcrumb] Int\u00e9gration communautaire Int\u00e9gration communautaire: difficult\u00e9s quotidiennes, logement, travail, collectivit\u00e9, programmes et mesures de soutien Veuillez cliquer sur les titres de sujets pour d\u00e9couvrir nos propositions de recherche.<\/p>\n","protected":false},"author":3,"featured_media":0,"parent":830,"menu_order":3,"comment_status":"closed","ping_status":"closed","template":"","meta":{"footnotes":""},"class_list":["post-1615","page","type-page","status-publish","hentry"],"_links":{"self":[{"href":"https:\/\/dev.madnesscanada.com\/fr\/wp-json\/wp\/v2\/pages\/1615","targetHints":{"allow":["GET"]}}],"collection":[{"href":"https:\/\/dev.madnesscanada.com\/fr\/wp-json\/wp\/v2\/pages"}],"about":[{"href":"https:\/\/dev.madnesscanada.com\/fr\/wp-json\/wp\/v2\/types\/page"}],"author":[{"embeddable":true,"href":"https:\/\/dev.madnesscanada.com\/fr\/wp-json\/wp\/v2\/users\/3"}],"replies":[{"embeddable":true,"href":"https:\/\/dev.madnesscanada.com\/fr\/wp-json\/wp\/v2\/comments?post=1615"}],"version-history":[{"count":3,"href":"https:\/\/dev.madnesscanada.com\/fr\/wp-json\/wp\/v2\/pages\/1615\/revisions"}],"predecessor-version":[{"id":2637,"href":"https:\/\/dev.madnesscanada.com\/fr\/wp-json\/wp\/v2\/pages\/1615\/revisions\/2637"}],"up":[{"embeddable":true,"href":"https:\/\/dev.madnesscanada.com\/fr\/wp-json\/wp\/v2\/pages\/830"}],"wp:attachment":[{"href":"https:\/\/dev.madnesscanada.com\/fr\/wp-json\/wp\/v2\/media?parent=1615"}],"curies":[{"name":"wp","href":"https:\/\/api.w.org\/{rel}","templated":true}]}}