{"id":1717,"date":"2019-08-10T10:22:20","date_gmt":"2019-08-10T14:22:20","guid":{"rendered":"https:\/\/madnesscanada.com\/?page_id=1717"},"modified":"2019-11-10T20:13:44","modified_gmt":"2019-11-11T01:13:44","slug":"books","status":"publish","type":"page","link":"https:\/\/dev.madnesscanada.com\/fr\/resources\/scholarship\/community-living\/books\/","title":{"rendered":"Livres"},"content":{"rendered":"<!-- Widget Shortcode --><div id=\"nav_menu-3\" class=\"widget widget_nav_menu widget-shortcode area-arbitrary \"><h2 class=\"widgettitle\">(English) Resources<\/h2><nav class=\"menu-resources-container\" aria-label=\"(English) Resources\"><ul id=\"menu-resources-1\" class=\"menu\"><li class=\"menu-item menu-item-type-post_type menu-item-object-page menu-item-836\"><a href=\"https:\/\/dev.madnesscanada.com\/fr\/resources\/\">Ressources<\/a><\/li>\n<li class=\"menu-item menu-item-type-post_type menu-item-object-page menu-item-838\"><a href=\"https:\/\/dev.madnesscanada.com\/fr\/resources\/scholarship\/\">Publications scientifiques<\/a><\/li>\n<li class=\"menu-item menu-item-type-post_type menu-item-object-page menu-item-841\"><a href=\"https:\/\/dev.madnesscanada.com\/fr\/resources\/archives\/\">Archives<\/a><\/li>\n<li class=\"menu-item menu-item-type-post_type menu-item-object-page menu-item-839\"><a href=\"https:\/\/dev.madnesscanada.com\/fr\/resources\/images\/\">Photographies<\/a><\/li>\n<li class=\"menu-item menu-item-type-post_type menu-item-object-page menu-item-840\"><a href=\"https:\/\/dev.madnesscanada.com\/fr\/resources\/video\/\">Vid\u00e9os<\/a><\/li>\n<li class=\"menu-item menu-item-type-post_type menu-item-object-page menu-item-1595\"><a href=\"https:\/\/dev.madnesscanada.com\/fr\/resources\/voices\/\">T\u00e9moignages<\/a><\/li>\n<li class=\"menu-item menu-item-type-post_type menu-item-object-page menu-item-2339\"><a href=\"https:\/\/dev.madnesscanada.com\/fr\/resources\/about-resources\/\">\u00c0 propos des ressources<\/a><\/li>\n<\/ul><\/nav><\/div><!-- \/Widget Shortcode --><!-- Widget Shortcode --><div id=\"search-3\" class=\"widget widget_search widget-shortcode area-arbitrary \"><h2 class=\"widgettitle\">(English) SEARCH<\/h2>\n\n<form role=\"search\" method=\"get\" class=\"search-form\" action=\"https:\/\/dev.madnesscanada.com\/fr\/\">\n\t<label for=\"search-form-2\">\n\t\t<span class=\"screen-reader-text\">\n\t\t\tRecherche pour :\t\t<\/span>\n\t<\/label>\n\t<input type=\"search\" id=\"search-form-2\" class=\"search-field\" placeholder=\"Recherche&hellip;\" value=\"\" name=\"s\" \/>\n\t<button type=\"submit\" class=\"search-submit\"><svg class=\"icon icon-search\" aria-hidden=\"true\" role=\"img\"> <use href=\"#icon-search\" xlink:href=\"#icon-search\"><\/use> <\/svg><span class=\"screen-reader-text\">\n\t\tRecherche\t<\/span><\/button>\n<\/form>\n<\/div><!-- \/Widget Shortcode -->\r\n<div class=\"rightmenu\"><!-- Widget Shortcode --><div id=\"nav_menu-14\" class=\"widget widget_nav_menu widget-shortcode area-arbitrary \"><h2 class=\"widgettitle\">(English) Community Living<\/h2><nav class=\"menu-community-living-container\" aria-label=\"(English) Community Living\"><ul id=\"menu-community-living-1\" class=\"menu\"><li class=\"menu-item menu-item-type-post_type menu-item-object-page menu-item-1720\"><a href=\"https:\/\/dev.madnesscanada.com\/fr\/resources\/scholarship\/community-living\/\">Int\u00e9gration communautaire<\/a><\/li>\n<li class=\"menu-item menu-item-type-post_type menu-item-object-page menu-item-1721\"><a href=\"https:\/\/dev.madnesscanada.com\/fr\/resources\/scholarship\/community-living\/theses-unpublished\/\">Textes in\u00e9dits \/ th\u00e8ses<\/a><\/li>\n<li class=\"menu-item menu-item-type-post_type menu-item-object-page menu-item-1722\"><a href=\"https:\/\/dev.madnesscanada.com\/fr\/resources\/scholarship\/community-living\/articles-chapters\/\">Articles \/ Chapitres<\/a><\/li>\n<li class=\"menu-item menu-item-type-post_type menu-item-object-page menu-item-1723\"><a href=\"https:\/\/dev.madnesscanada.com\/fr\/resources\/scholarship\/community-living\/books\/\">Livres<\/a><\/li>\n<li class=\"menu-item menu-item-type-post_type menu-item-object-page menu-item-1719\"><a href=\"https:\/\/dev.madnesscanada.com\/fr\/resources\/scholarship\/\">Scholarship<\/a><\/li>\n<\/ul><\/nav><\/div><!-- \/Widget Shortcode --><\/div>\r\n<p>[breadcrumb]<\/p>\r\n<h1>Livres<\/h1>\r\n<h4 id=\"moduleIntro\" class=\"artefacts\">Int\u00e9gration communautaire\u00a0<\/h4>\r\n<p>Blom, Djuwe Joe and Sam Sussman.\u00a0<em>Pioneers of Mental Health and Social Change, 1930-1989<\/em>. London, Ontario: Third Eye Press, 1989.<\/p>\r\n<p>Burstow, Bonnie and Don Weitz (eds.).\u00a0<em>Shrink-Resistant: The Struggle Against Psychiatry in Canada<\/em>. Vancouver: New Star, 1998.\u00a0<\/p>\r\n<p>C.S.D.I.\u00a0<em>Consumer\/Survivor Development Initiative Project Descriptions.<\/em> Toronto: Consumer\/Survivor Development Initiative, March, 1996.\u00a0<\/p>\r\n<p>Capponi, Pat.\u00a0<em>Beyond the Crazy House: Changing the Future of Madness.<\/em> Toronto: Penguin Canada, 2003.<\/p>\r\n<p>Capponi, Pat.\u00a0<em>The War at Home: An Intimate Portrait of Canada\u2019s Poor.<\/em> Toronto: Viking Press, 1999.\u00a0\u00a0<\/p>\r\n<p>Capponi, Pat.\u00a0<em>Dispatches from the Poverty Line.<\/em> Toronto: Penguin Books Canada, 1997.<\/p>\r\n<p>Capponi, Pat.\u00a0<em>Upstairs in the Crazy House: The Life of a Psychiatric Survivor.<\/em> Toronto: Viking Press, 1992.\u00a0<\/p>\r\n<p>Cellard, Andr\u00e9. <em>Histoire de la folie au Qu\u00e9bec de 1600 \u00e0 1850: \u00ab\u00a0Le d\u00e9sordre\u00a0\u00bb<\/em>. Montr\u00e9al, Bor\u00e9al, 1991, 280 p.\u00a0<\/p>\r\n<p>Chamberlin, Judi. <em>On Our Own: Patient-Controlled Alternatives to the Mental Health System<\/em>. New York: Hawthorn, 1978.<\/p>\r\n<p>Dear, Michael, Lillian Bayne, Geoff Boyd, Elizabeth Callaghan, and Elizabeth Goldstein. <em>Coping in the Community: The Needs of Ex-Psychiatric Patients.<\/em> Hamilton, Ontario: Design Lithographers, 1980.\u00a0<\/p>\r\n<p>Diamond, A.J. and Partners.<em> Howard Building Renovation Feasibility Study.<\/em> Toronto: A.J. Diamond and Partners, 1975.\u00a0<\/p>\r\n<p>Dinham, Paul S. <em>You Never Know What They Might Do: Mental Illness in Outport Newfoundland.<\/em> St. John\u2019s Newfoundland: Memorial University of Newfoundland, 1977.\u00a0<\/p>\r\n<p>Dorvil, Henri.<em> De l\u2019Annonciation \u00e0 Montr\u00e9al: histoire de la folie dans la communaut\u00e9, 1962- 1987<\/em>. Montr\u00e9al, \u00c9ditions \u00c9mile-Nelligan, 1988, 280 p.\u00a0<\/p>\r\n<p>Driedger, Diane, Irene Feika and Eileen Giron Batres (eds.). <em>Across Borders: Women with Disabilities Working Together.<\/em> Charlottetown PEI: Gynergy Books, 1996.\u00a0<\/p>\r\n<p>Frank, K. Portland. <em>The Anti-Psychiatry Bibliography and Resource Guide, 2nd Edition<\/em>. Vancouver: Press Gang Publishers, 1979.\u00a0<\/p>\r\n<p>Henton, Darcy with David McCann. <em>Boys Don\u2019t Cry: The Struggle for Justice and Healing in Canada\u2019s Biggest Sex Abuse Scandal<\/em>. Toronto: McClelland and Stewart, 1995.\u00a0<\/p>\r\n<p>Kwok, Fei-Yeng Carolyn. <em>The Tormented Mind: A True Story of Manic Depression.<\/em> Toronto: C&amp;R Publisher, 2000.\u00a0<\/p>\r\n<p>Mays, John Bentley. <em>In the Jaws of the Black Dogs: A Memoir of Depression.<\/em> New York: Viking, 1995.<\/p>\r\n<p>Montigny, Edgar-Andr\u00e9. <em>Foisted Upon the Government? State Responsibilities, Family Obligations and the Care of the Dependent Aged in Late Nineteenth-Century Ontario.<\/em> Montreal and Kingston: McGill-Queen\u2019s University Press, 1997.\u00a0<\/p>\r\n<p>Moran, James E. and David Wright (eds.). <em>Mental Health and Canadian Society: Historical Perspectives.<\/em> Montreal\/Kingston: McGill-Queen\u2019s University Press, 2006: 69-96.\u00a0<\/p>\r\n<p>No author. <em>The History of CPRI<\/em> [Child and Parent Resource Institute], London, Ontario, Canada. No publisher cited, circa 1995.<\/p>\r\n<p>Nunes, Julia and Scott Simmie. <em>Beyond Crazy: Journeys Through Mental Illness<\/em>. Toronto: McLelland &amp; Stewart, 2002.\u00a0<\/p>\r\n<p>Pletsch, Vera C. <em>Not Wanted in the Classroom: Parent Associations and the Education of Trainable Retarded Children in Ontario.<\/em> London: Althouse Press, 1997.<\/p>\r\n<p>Ralph, Diana. <em>Work and Madness: The Rise of Community Psychiatry.<\/em> Montreal: Black Rose, 1983.\u00a0<\/p>\r\n<p>Simmie, Scott. <em>Out of Mind: An Investigation into Mental Health.<\/em> Toronto: Atkinson Foundation, 1998.\u00a0<\/p>\r\n<p>Simmie, Scott and Julia Nunes.<em> The Last Taboo: A Survival Guide to Mental Health Care in Canada.<\/em> Toronto: McLelland &amp; Stewart, 2001.\u00a0<\/p>\r\n<p>Sims, Valerie A. <em>Historical Development of Sheltered Workshops in Canada.<\/em> Winnipeg: University of Manitoba Press, 1965.<\/p>\r\n<p>Sobsey, Dick. <em>Violence and Abuse in the Lives of People with Disabilities: The End of Silent Acceptance?<\/em> Baltimore: Paul H. Brookes Publishing Company, 1994.<\/p>\r\n<p>Su, Fu. <em>I Once Was Lost: The Immigrant Experience and the Recovering Schizophrenic.<\/em> Toronto: Parkminister Publishing, 1994.<\/p>\r\n<p>Sutherland, Neil. <em>Children in English-Canadian Society: Framing the Twentieth Century Consensus.<\/em> Toronto: University of Toronto Press, 1976.<\/p><!-- \/wp:post-content -->","protected":false},"excerpt":{"rendered":"<p>[breadcrumb] Livres Int\u00e9gration communautaire\u00a0 Blom, Djuwe Joe and Sam Sussman.\u00a0Pioneers of Mental Health and Social Change, 1930-1989. London, Ontario: Third Eye Press, 1989. Burstow, Bonnie and Don Weitz (eds.).\u00a0Shrink-Resistant: The Struggle Against Psychiatry in Canada. Vancouver: New Star, 1998.\u00a0 C.S.D.I.\u00a0Consumer\/Survivor Development Initiative Project Descriptions. Toronto: Consumer\/Survivor Development Initiative, March, 1996.\u00a0 Capponi, Pat.\u00a0Beyond the Crazy House: &hellip; <\/p>\n<p class=\"link-more\"><a href=\"https:\/\/dev.madnesscanada.com\/fr\/resources\/scholarship\/community-living\/books\/\" class=\"more-link\">Continuer la lecture<span class=\"screen-reader-text\"> de &laquo;&nbsp;Livres&nbsp;&raquo;<\/span><\/a><\/p>\n","protected":false},"author":3,"featured_media":0,"parent":1615,"menu_order":2,"comment_status":"closed","ping_status":"closed","template":"","meta":{"footnotes":""},"class_list":["post-1717","page","type-page","status-publish","hentry"],"_links":{"self":[{"href":"https:\/\/dev.madnesscanada.com\/fr\/wp-json\/wp\/v2\/pages\/1717","targetHints":{"allow":["GET"]}}],"collection":[{"href":"https:\/\/dev.madnesscanada.com\/fr\/wp-json\/wp\/v2\/pages"}],"about":[{"href":"https:\/\/dev.madnesscanada.com\/fr\/wp-json\/wp\/v2\/types\/page"}],"author":[{"embeddable":true,"href":"https:\/\/dev.madnesscanada.com\/fr\/wp-json\/wp\/v2\/users\/3"}],"replies":[{"embeddable":true,"href":"https:\/\/dev.madnesscanada.com\/fr\/wp-json\/wp\/v2\/comments?post=1717"}],"version-history":[{"count":3,"href":"https:\/\/dev.madnesscanada.com\/fr\/wp-json\/wp\/v2\/pages\/1717\/revisions"}],"predecessor-version":[{"id":2643,"href":"https:\/\/dev.madnesscanada.com\/fr\/wp-json\/wp\/v2\/pages\/1717\/revisions\/2643"}],"up":[{"embeddable":true,"href":"https:\/\/dev.madnesscanada.com\/fr\/wp-json\/wp\/v2\/pages\/1615"}],"wp:attachment":[{"href":"https:\/\/dev.madnesscanada.com\/fr\/wp-json\/wp\/v2\/media?parent=1717"}],"curies":[{"name":"wp","href":"https:\/\/api.w.org\/{rel}","templated":true}]}}