{"id":1728,"date":"2019-08-10T10:26:20","date_gmt":"2019-08-10T14:26:20","guid":{"rendered":"https:\/\/dev.madnesscanada.com\/?page_id=1728"},"modified":"2019-11-10T16:09:46","modified_gmt":"2019-11-10T21:09:46","slug":"books","status":"publish","type":"page","link":"https:\/\/dev.madnesscanada.com\/fr\/resources\/scholarship\/deinstitutionalization\/books\/","title":{"rendered":"D\u00e9sinstitutionnalisation"},"content":{"rendered":"<!-- Widget Shortcode --><div id=\"nav_menu-3\" class=\"widget widget_nav_menu widget-shortcode area-arbitrary \"><h2 class=\"widgettitle\">(English) Resources<\/h2><nav class=\"menu-resources-container\" aria-label=\"(English) Resources\"><ul id=\"menu-resources-1\" class=\"menu\"><li class=\"menu-item menu-item-type-post_type menu-item-object-page menu-item-836\"><a href=\"https:\/\/dev.madnesscanada.com\/fr\/resources\/\">Ressources<\/a><\/li>\n<li class=\"menu-item menu-item-type-post_type menu-item-object-page menu-item-838\"><a href=\"https:\/\/dev.madnesscanada.com\/fr\/resources\/scholarship\/\">Publications scientifiques<\/a><\/li>\n<li class=\"menu-item menu-item-type-post_type menu-item-object-page menu-item-841\"><a href=\"https:\/\/dev.madnesscanada.com\/fr\/resources\/archives\/\">Archives<\/a><\/li>\n<li class=\"menu-item menu-item-type-post_type menu-item-object-page menu-item-839\"><a href=\"https:\/\/dev.madnesscanada.com\/fr\/resources\/images\/\">Photographies<\/a><\/li>\n<li class=\"menu-item menu-item-type-post_type menu-item-object-page menu-item-840\"><a href=\"https:\/\/dev.madnesscanada.com\/fr\/resources\/video\/\">Vid\u00e9os<\/a><\/li>\n<li class=\"menu-item menu-item-type-post_type menu-item-object-page menu-item-1595\"><a href=\"https:\/\/dev.madnesscanada.com\/fr\/resources\/voices\/\">T\u00e9moignages<\/a><\/li>\n<li class=\"menu-item menu-item-type-post_type menu-item-object-page menu-item-2339\"><a href=\"https:\/\/dev.madnesscanada.com\/fr\/resources\/about-resources\/\">\u00c0 propos des ressources<\/a><\/li>\n<\/ul><\/nav><\/div><!-- \/Widget Shortcode --><!-- Widget Shortcode --><div id=\"search-3\" class=\"widget widget_search widget-shortcode area-arbitrary \"><h2 class=\"widgettitle\">(English) SEARCH<\/h2>\n\n<form role=\"search\" method=\"get\" class=\"search-form\" action=\"https:\/\/dev.madnesscanada.com\/fr\/\">\n\t<label for=\"search-form-2\">\n\t\t<span class=\"screen-reader-text\">\n\t\t\tRecherche pour :\t\t<\/span>\n\t<\/label>\n\t<input type=\"search\" id=\"search-form-2\" class=\"search-field\" placeholder=\"Recherche&hellip;\" value=\"\" name=\"s\" \/>\n\t<button type=\"submit\" class=\"search-submit\"><svg class=\"icon icon-search\" aria-hidden=\"true\" role=\"img\"> <use href=\"#icon-search\" xlink:href=\"#icon-search\"><\/use> <\/svg><span class=\"screen-reader-text\">\n\t\tRecherche\t<\/span><\/button>\n<\/form>\n<\/div><!-- \/Widget Shortcode -->\r\n<div class=\"rightmenu\"><!-- Widget Shortcode --><div id=\"nav_menu-15\" class=\"widget widget_nav_menu widget-shortcode area-arbitrary \"><h2 class=\"widgettitle\">(English) Deinstitutionalization<\/h2><nav class=\"menu-deinstitutionalization-container\" aria-label=\"(English) Deinstitutionalization\"><ul id=\"menu-deinstitutionalization-1\" class=\"menu\"><li class=\"menu-item menu-item-type-post_type menu-item-object-page menu-item-1732\"><a href=\"https:\/\/dev.madnesscanada.com\/fr\/resources\/scholarship\/deinstitutionalization\/theses-unpublished\/\">Textes in\u00e9dits \/ th\u00e8ses<\/a><\/li>\n<li class=\"menu-item menu-item-type-post_type menu-item-object-page menu-item-1731\"><a href=\"https:\/\/dev.madnesscanada.com\/fr\/resources\/scholarship\/deinstitutionalization\/articles-chapters\/\">Articles \/ Chapitres<\/a><\/li>\n<li class=\"menu-item menu-item-type-post_type menu-item-object-page menu-item-1730\"><a href=\"https:\/\/dev.madnesscanada.com\/fr\/resources\/scholarship\/deinstitutionalization\/books\/\">D\u00e9sinstitutionnalisation<\/a><\/li>\n<li class=\"menu-item menu-item-type-post_type menu-item-object-page menu-item-1733\"><a href=\"https:\/\/dev.madnesscanada.com\/fr\/resources\/scholarship\/\">Scholarship<\/a><\/li>\n<\/ul><\/nav><\/div><!-- \/Widget Shortcode --><\/div>\r\n<p>[breadcrumb]<\/p>\r\n<h1>Livres<\/h1>\r\n<h4 id=\"moduleIntro\">D\u00e9sinstitutionnalisation<\/h4>\r\n<p>Blom, Djuwe Joe and Sam Sussman.\u00a0Pioneers of Mental Health and Social Change, 1930-1989. London, Ontario: Third Eye Press, 1989.<\/p>\r\n<p>Bouchard, Gilles.\u00a0L\u2019h\u00f4pital psychiatrique en changements. Th\u00e8se de ma\u00eetrise en sociologie, Universit\u00e9 Laval, 1971.\u00a0<\/p>\r\n<p>Capponi, Pat.\u00a0<em>Upstairs in the Crazy House: The Life of a Psychiatric Survivor.<\/em> Toronto: Viking Press, 1992.\u00a0<\/p>\r\n<p>Dorvil, Henri. <em>De l\u2019Annonciation \u00e0 Montr\u00e9al: histoire de la folie dans la communaut\u00e9, 1962- 1987.<\/em> Montr\u00e9al, \u00c9ditions \u00c9mile-Nelligan, 1988, 280 p.\u00a0<\/p>\r\n<p>Driedger, Diane. <em>The Last Civil Rights Movement: Disabled Peoples\u2019 International.<\/em> London: Hurst &amp; Company, 1989.\u00a0<\/p>\r\n<p>Kahan, F.H. <em>Brains and Bricks: The History of the Yorkton Psychiatric Centre<\/em>. Regina: Saskatchewan Division, Canadian Mental Health Division, 1965.\u00a0<\/p>\r\n<p>Ralph, Diana. <em>Work and Madness: The Rise of Community Psychiatry.<\/em> Montreal: Black Rose, 1983.\u00a0<\/p>\r\n<p>Refvik, Kurt. <em>History of the Brandon Mental Health Centre, 1891-199.<\/em> Brandon: Brandon Mental Health Centre, 1991.<\/p>\r\n<p>Simmons, Harvey G. <em>Unbalanced: Mental Health Policy in Ontario, 1930-1989.<\/em> Toronto: Wall and Thompson, 1990.\u00a0<\/p>\r\n<p>Simmons, Harvey G. <em>From Asylum to Welfare: The Evolution of Mental Retardation Policy in Ontario from 1831 to 1980.<\/em> Downsview, ON: National Institute on Mental Retardation, 1982.<\/p>\r\n<p>Sims, Valerie A. <em>Historical Development of Sheltered Workshops in Canada<\/em>. Winnipeg: University of Manitoba Press, 1965.<\/p><!-- \/wp:post-content -->","protected":false},"excerpt":{"rendered":"<p>[breadcrumb] Livres D\u00e9sinstitutionnalisation Blom, Djuwe Joe and Sam Sussman.\u00a0Pioneers of Mental Health and Social Change, 1930-1989. London, Ontario: Third Eye Press, 1989. Bouchard, Gilles.\u00a0L\u2019h\u00f4pital psychiatrique en changements. Th\u00e8se de ma\u00eetrise en sociologie, Universit\u00e9 Laval, 1971.\u00a0 Capponi, Pat.\u00a0Upstairs in the Crazy House: The Life of a Psychiatric Survivor. Toronto: Viking Press, 1992.\u00a0 Dorvil, Henri. De l\u2019Annonciation &hellip; <\/p>\n<p class=\"link-more\"><a href=\"https:\/\/dev.madnesscanada.com\/fr\/resources\/scholarship\/deinstitutionalization\/books\/\" class=\"more-link\">Continuer la lecture<span class=\"screen-reader-text\"> de &laquo;&nbsp;D\u00e9sinstitutionnalisation&nbsp;&raquo;<\/span><\/a><\/p>\n","protected":false},"author":3,"featured_media":0,"parent":1617,"menu_order":2,"comment_status":"closed","ping_status":"closed","template":"","meta":{"footnotes":""},"class_list":["post-1728","page","type-page","status-publish","hentry"],"_links":{"self":[{"href":"https:\/\/dev.madnesscanada.com\/fr\/wp-json\/wp\/v2\/pages\/1728","targetHints":{"allow":["GET"]}}],"collection":[{"href":"https:\/\/dev.madnesscanada.com\/fr\/wp-json\/wp\/v2\/pages"}],"about":[{"href":"https:\/\/dev.madnesscanada.com\/fr\/wp-json\/wp\/v2\/types\/page"}],"author":[{"embeddable":true,"href":"https:\/\/dev.madnesscanada.com\/fr\/wp-json\/wp\/v2\/users\/3"}],"replies":[{"embeddable":true,"href":"https:\/\/dev.madnesscanada.com\/fr\/wp-json\/wp\/v2\/comments?post=1728"}],"version-history":[{"count":1,"href":"https:\/\/dev.madnesscanada.com\/fr\/wp-json\/wp\/v2\/pages\/1728\/revisions"}],"predecessor-version":[{"id":2564,"href":"https:\/\/dev.madnesscanada.com\/fr\/wp-json\/wp\/v2\/pages\/1728\/revisions\/2564"}],"up":[{"embeddable":true,"href":"https:\/\/dev.madnesscanada.com\/fr\/wp-json\/wp\/v2\/pages\/1617"}],"wp:attachment":[{"href":"https:\/\/dev.madnesscanada.com\/fr\/wp-json\/wp\/v2\/media?parent=1728"}],"curies":[{"name":"wp","href":"https:\/\/api.w.org\/{rel}","templated":true}]}}