{"id":505,"date":"2019-10-30T13:13:42","date_gmt":"2019-10-30T17:13:42","guid":{"rendered":"http:\/\/aftertheasylum.ca\/new-wordpress\/?page_id=505"},"modified":"2026-04-15T22:52:18","modified_gmt":"2026-04-16T02:52:18","slug":"patient-letters","status":"publish","type":"page","link":"https:\/\/dev.madnesscanada.com\/fr\/after-the-asylum\/case-studies\/marguerite-marie\/patient-letters\/","title":{"rendered":"Qui est Marguerite-Marie?"},"content":{"rendered":"<!-- Widget Shortcode --><div id=\"nav_menu-64\" class=\"widget widget_nav_menu widget-shortcode area-arbitrary \"><h2 class=\"widgettitle\">(English) AFTER THE ASYLUM<\/h2><nav class=\"menu-after-the-asylum-container\" aria-label=\"(English) AFTER THE ASYLUM\"><ul id=\"menu-after-the-asylum\" class=\"menu\"><li id=\"menu-item-9203\" class=\"menu-item menu-item-type-post_type menu-item-object-page menu-item-9203\"><a href=\"https:\/\/dev.madnesscanada.com\/fr\/after-the-asylum\/policy-and-practice\/\">Politiques de sant\u00e9 mentale<\/a><\/li>\n<li id=\"menu-item-9208\" class=\"menu-item menu-item-type-post_type menu-item-object-page menu-item-9208\"><a href=\"https:\/\/dev.madnesscanada.com\/fr\/after-the-asylum\/peer-support-activism\/\">Soutien par les pairs et activisme<\/a><\/li>\n<li id=\"menu-item-9207\" class=\"menu-item menu-item-type-post_type menu-item-object-page menu-item-9207\"><a href=\"https:\/\/dev.madnesscanada.com\/fr\/after-the-asylum\/survivor-culture\/\">Culture de la survivante<\/a><\/li>\n<li id=\"menu-item-9206\" class=\"menu-item menu-item-type-post_type menu-item-object-page menu-item-9206\"><a href=\"https:\/\/dev.madnesscanada.com\/fr\/after-the-asylum\/case-studies\/\">\u00c9tudes de cas<\/a><\/li>\n<\/ul><\/nav><\/div><!-- \/Widget Shortcode --><!-- Widget Shortcode --><div id=\"search-3\" class=\"widget widget_search widget-shortcode area-arbitrary \"><h2 class=\"widgettitle\">(English) SEARCH<\/h2>\n\n<form role=\"search\" method=\"get\" class=\"search-form\" action=\"https:\/\/dev.madnesscanada.com\/fr\/\">\n\t<label for=\"search-form-1\">\n\t\t<span class=\"screen-reader-text\">\n\t\t\tRecherche pour :\t\t<\/span>\n\t<\/label>\n\t<input type=\"search\" id=\"search-form-1\" class=\"search-field\" placeholder=\"Recherche&hellip;\" value=\"\" name=\"s\" \/>\n\t<button type=\"submit\" class=\"search-submit\"><svg class=\"icon icon-search\" aria-hidden=\"true\" role=\"img\"> <use href=\"#icon-search\" xlink:href=\"#icon-search\"><\/use> <\/svg><span class=\"screen-reader-text\">\n\t\tRecherche\t<\/span><\/button>\n<\/form>\n<\/div><!-- \/Widget Shortcode -->\r\n<div class=\"rightmenu\"><!-- Widget Shortcode --><div id=\"nav_menu-85\" class=\"widget widget_nav_menu widget-shortcode area-arbitrary \"><h2 class=\"widgettitle\">(English) Explore More<\/h2><nav class=\"menu-marguerite-marie-container\" aria-label=\"(English) Explore More\"><ul id=\"menu-marguerite-marie\" class=\"menu\"><li id=\"menu-item-9351\" class=\"menu-item menu-item-type-post_type menu-item-object-page menu-item-9351\"><a href=\"https:\/\/dev.madnesscanada.com\/fr\/after-the-asylum\/case-studies\/marguerite-marie\/marguerite-marie\/\">L&rsquo;h\u00f4pital<\/a><\/li>\n<li id=\"menu-item-9350\" class=\"menu-item menu-item-type-post_type menu-item-object-page menu-item-9350\"><a href=\"https:\/\/dev.madnesscanada.com\/fr\/after-the-asylum\/case-studies\/marguerite-marie\/family-connections\/\">Son dossier m\u00e9dical<\/a><\/li>\n<li id=\"menu-item-9349\" class=\"menu-item menu-item-type-post_type menu-item-object-page menu-item-9349\"><a href=\"https:\/\/dev.madnesscanada.com\/fr\/after-the-asylum\/case-studies\/marguerite-marie\/medical-records\/\">Sa correspondance<\/a><\/li>\n<li id=\"menu-item-9348\" class=\"menu-item menu-item-type-post_type menu-item-object-page menu-item-9348\"><a href=\"https:\/\/dev.madnesscanada.com\/fr\/after-the-asylum\/case-studies\/marguerite-marie\/patient-letters\/\">Qui est Marguerite-Marie?<\/a><\/li>\n<li id=\"menu-item-676\" class=\"menu-item menu-item-type-post_type menu-item-object-post menu-item-676\"><a href=\"https:\/\/dev.madnesscanada.com\/fr\/marguerite-marie\/\">Marguerite Marie<\/a><\/li>\n<\/ul><\/nav><\/div><!-- \/Widget Shortcode --><\/div>\r\n[breadcrumb]\r\n<h1>Qui est Marguerite-Marie?<\/h1>\r\nLa situation familiale dans laquelle \u00e9volue Marguerite-Marie enfant se compare \u00e0 celle de la petite bourgeoisie. Le p\u00e8re est un marchand avant de devenir directeur de la Succursale de la Banque Provinciale du village et la m\u00e8re est une ancienne institutrice, dont les succ\u00e8s dans l\u2019enseignement sont r\u00e9compens\u00e9s par le gouvernement provincial en 1899.\r\n\r\nIl s\u2019agit d\u2019un milieu suffisamment cultiv\u00e9 et ais\u00e9 pour encourager la scolarisation des filles, au nombre de cinq dans cette famille du petit village de St-Anicet.\r\n\r\nLa premi\u00e8re lettre r\u00e9pertori\u00e9e \u00e9crite par Marguerite-Marie est adress\u00e9e \u00e0 sa s\u0153ur C\u00e9cile, alors que cette derni\u00e8re et son a\u00een\u00e9e sont pensionnaires au couvent. Toutes les deux \u00e9tudient \u00e0 l\u2019\u00c9cole Normale de Valleyfield, l\u00e0 o\u00f9 les S\u0153urs des Saints-Noms-de-J\u00e9sus-et-de-Marie forment les futures institutrices des \u00e9coles urbaines et rurales. Bien que Marguerite-Marie soit \u00e9pileptique, elle fr\u00e9quente l\u2019\u00e9cole du village avec ses petites s\u0153urs.\r\n\r\nLe destin de cette famille de Saint-Anicet sera toutefois boulevers\u00e9 lorsque le 30 novembre 1920, suite \u00e0 un terrible accident en for\u00eat, le p\u00e8re de Marguerite-Marie d\u00e9c\u00e8de.\r\n\r\n&nbsp;\r\n\r\n&nbsp;","protected":false},"excerpt":{"rendered":"<p>[breadcrumb] Qui est Marguerite-Marie? La situation familiale dans laquelle \u00e9volue Marguerite-Marie enfant se compare \u00e0 celle de la petite bourgeoisie. Le p\u00e8re est un marchand avant de devenir directeur de la Succursale de la Banque Provinciale du village et la m\u00e8re est une ancienne institutrice, dont les succ\u00e8s dans l\u2019enseignement sont r\u00e9compens\u00e9s par le gouvernement &hellip; <\/p>\n<p class=\"link-more\"><a href=\"https:\/\/dev.madnesscanada.com\/fr\/after-the-asylum\/case-studies\/marguerite-marie\/patient-letters\/\" class=\"more-link\">Continuer la lecture<span class=\"screen-reader-text\"> de &laquo;&nbsp;Qui est Marguerite-Marie?&nbsp;&raquo;<\/span><\/a><\/p>\n","protected":false},"author":3,"featured_media":0,"parent":104,"menu_order":3,"comment_status":"closed","ping_status":"closed","template":"","meta":{"footnotes":""},"class_list":["post-505","page","type-page","status-publish","hentry"],"_links":{"self":[{"href":"https:\/\/dev.madnesscanada.com\/fr\/wp-json\/wp\/v2\/pages\/505","targetHints":{"allow":["GET"]}}],"collection":[{"href":"https:\/\/dev.madnesscanada.com\/fr\/wp-json\/wp\/v2\/pages"}],"about":[{"href":"https:\/\/dev.madnesscanada.com\/fr\/wp-json\/wp\/v2\/types\/page"}],"author":[{"embeddable":true,"href":"https:\/\/dev.madnesscanada.com\/fr\/wp-json\/wp\/v2\/users\/3"}],"replies":[{"embeddable":true,"href":"https:\/\/dev.madnesscanada.com\/fr\/wp-json\/wp\/v2\/comments?post=505"}],"version-history":[{"count":3,"href":"https:\/\/dev.madnesscanada.com\/fr\/wp-json\/wp\/v2\/pages\/505\/revisions"}],"predecessor-version":[{"id":690,"href":"https:\/\/dev.madnesscanada.com\/fr\/wp-json\/wp\/v2\/pages\/505\/revisions\/690"}],"up":[{"embeddable":true,"href":"https:\/\/dev.madnesscanada.com\/fr\/wp-json\/wp\/v2\/pages\/104"}],"wp:attachment":[{"href":"https:\/\/dev.madnesscanada.com\/fr\/wp-json\/wp\/v2\/media?parent=505"}],"curies":[{"name":"wp","href":"https:\/\/api.w.org\/{rel}","templated":true}]}}