{"id":71,"date":"2019-01-08T14:53:51","date_gmt":"2019-01-08T19:53:51","guid":{"rendered":"https:\/\/dev.madnesscanada.com\/?page_id=71"},"modified":"2026-04-14T07:17:06","modified_gmt":"2026-04-14T11:17:06","slug":"contact-us","status":"publish","type":"page","link":"https:\/\/dev.madnesscanada.com\/fr\/contact-us\/","title":{"rendered":"CONTACT US"},"content":{"rendered":"<h1 class=\"wp-block-heading has-text-align-center\">Nous Joindre<\/h1>\n\n\n\n<p class=\"has-text-align-center\">Nous vous remercions de l\u2019int\u00e9r\u00eat que vous portez \u00e0 Folie Canada.<\/p>\n\n\n\n<p class=\"has-text-align-center\">Veuillez adresser toute question ou envoyer votre manifestation d\u2019int\u00e9r\u00eat \u00e0\u00a0:\u00a0<br><a href=\"mailto:madness@yorku.ca\">info@madnesscanada.com<\/a><\/p>","protected":false},"excerpt":{"rendered":"<p>Nous Joindre Nous vous remercions de l\u2019int\u00e9r\u00eat que vous portez \u00e0 Folie Canada. Veuillez adresser toute question ou envoyer votre manifestation d\u2019int\u00e9r\u00eat \u00e0\u00a0:\u00a0info@madnesscanada.com<\/p>\n","protected":false},"author":3,"featured_media":0,"parent":0,"menu_order":10,"comment_status":"closed","ping_status":"closed","template":"","meta":{"footnotes":""},"class_list":["post-71","page","type-page","status-publish","hentry"],"_links":{"self":[{"href":"https:\/\/dev.madnesscanada.com\/fr\/wp-json\/wp\/v2\/pages\/71","targetHints":{"allow":["GET"]}}],"collection":[{"href":"https:\/\/dev.madnesscanada.com\/fr\/wp-json\/wp\/v2\/pages"}],"about":[{"href":"https:\/\/dev.madnesscanada.com\/fr\/wp-json\/wp\/v2\/types\/page"}],"author":[{"embeddable":true,"href":"https:\/\/dev.madnesscanada.com\/fr\/wp-json\/wp\/v2\/users\/3"}],"replies":[{"embeddable":true,"href":"https:\/\/dev.madnesscanada.com\/fr\/wp-json\/wp\/v2\/comments?post=71"}],"version-history":[{"count":9,"href":"https:\/\/dev.madnesscanada.com\/fr\/wp-json\/wp\/v2\/pages\/71\/revisions"}],"predecessor-version":[{"id":496,"href":"https:\/\/dev.madnesscanada.com\/fr\/wp-json\/wp\/v2\/pages\/71\/revisions\/496"}],"wp:attachment":[{"href":"https:\/\/dev.madnesscanada.com\/fr\/wp-json\/wp\/v2\/media?parent=71"}],"curies":[{"name":"wp","href":"https:\/\/api.w.org\/{rel}","templated":true}]}}