{"id":830,"date":"2019-03-01T10:57:27","date_gmt":"2019-03-01T15:57:27","guid":{"rendered":"https:\/\/madnesscanada.com\/?page_id=830"},"modified":"2021-07-30T14:38:53","modified_gmt":"2021-07-30T18:38:53","slug":"scholarship","status":"publish","type":"page","link":"https:\/\/dev.madnesscanada.com\/fr\/resources\/scholarship\/","title":{"rendered":"Publications scientifiques"},"content":{"rendered":"<!-- wp:html -->\r\n<!-- Widget Shortcode --><div id=\"nav_menu-3\" class=\"widget widget_nav_menu widget-shortcode area-arbitrary \"><h2 class=\"widgettitle\">(English) Resources<\/h2><nav class=\"menu-resources-container\" aria-label=\"(English) Resources\"><ul id=\"menu-resources-1\" class=\"menu\"><li class=\"menu-item menu-item-type-post_type menu-item-object-page menu-item-836\"><a href=\"https:\/\/dev.madnesscanada.com\/fr\/resources\/\">Ressources<\/a><\/li>\n<li class=\"menu-item menu-item-type-post_type menu-item-object-page menu-item-838\"><a href=\"https:\/\/dev.madnesscanada.com\/fr\/resources\/scholarship\/\">Publications scientifiques<\/a><\/li>\n<li class=\"menu-item menu-item-type-post_type menu-item-object-page menu-item-841\"><a href=\"https:\/\/dev.madnesscanada.com\/fr\/resources\/archives\/\">Archives<\/a><\/li>\n<li class=\"menu-item menu-item-type-post_type menu-item-object-page menu-item-839\"><a href=\"https:\/\/dev.madnesscanada.com\/fr\/resources\/images\/\">Photographies<\/a><\/li>\n<li class=\"menu-item menu-item-type-post_type menu-item-object-page menu-item-840\"><a href=\"https:\/\/dev.madnesscanada.com\/fr\/resources\/video\/\">Vid\u00e9os<\/a><\/li>\n<li class=\"menu-item menu-item-type-post_type menu-item-object-page menu-item-1595\"><a href=\"https:\/\/dev.madnesscanada.com\/fr\/resources\/voices\/\">T\u00e9moignages<\/a><\/li>\n<li class=\"menu-item menu-item-type-post_type menu-item-object-page menu-item-2339\"><a href=\"https:\/\/dev.madnesscanada.com\/fr\/resources\/about-resources\/\">\u00c0 propos des ressources<\/a><\/li>\n<\/ul><\/nav><\/div><!-- \/Widget Shortcode --><!-- Widget Shortcode --><div id=\"search-3\" class=\"widget widget_search widget-shortcode area-arbitrary \"><h2 class=\"widgettitle\">(English) SEARCH<\/h2>\n\n<form role=\"search\" method=\"get\" class=\"search-form\" action=\"https:\/\/dev.madnesscanada.com\/fr\/\">\n\t<label for=\"search-form-2\">\n\t\t<span class=\"screen-reader-text\">\n\t\t\tRecherche pour :\t\t<\/span>\n\t<\/label>\n\t<input type=\"search\" id=\"search-form-2\" class=\"search-field\" placeholder=\"Recherche&hellip;\" value=\"\" name=\"s\" \/>\n\t<button type=\"submit\" class=\"search-submit\"><svg class=\"icon icon-search\" aria-hidden=\"true\" role=\"img\"> <use href=\"#icon-search\" xlink:href=\"#icon-search\"><\/use> <\/svg><span class=\"screen-reader-text\">\n\t\tRecherche\t<\/span><\/button>\n<\/form>\n<\/div><!-- \/Widget Shortcode -->\r\n<div class=\"rightmenu\"><!-- Widget Shortcode --><div id=\"nav_menu-10\" class=\"widget widget_nav_menu widget-shortcode area-arbitrary \"><h2 class=\"widgettitle\">LES SUJETS<\/h2><nav class=\"menu-scholarship-container\" aria-label=\"LES SUJETS\"><ul id=\"menu-scholarship-1\" class=\"menu\"><li class=\"menu-item menu-item-type-post_type menu-item-object-page menu-item-1643\"><a href=\"https:\/\/dev.madnesscanada.com\/fr\/resources\/scholarship\/activism\/\">Militantisme<\/a><\/li>\n<li class=\"menu-item menu-item-type-post_type menu-item-object-page menu-item-1644\"><a href=\"https:\/\/dev.madnesscanada.com\/fr\/resources\/scholarship\/art\/\">Art \/ culture<\/a><\/li>\n<li class=\"menu-item menu-item-type-post_type menu-item-object-page menu-item-1645\"><a href=\"https:\/\/dev.madnesscanada.com\/fr\/resources\/scholarship\/biography\/\">Biographie \/ indentit\u00e9 personnelle<\/a><\/li>\n<li class=\"menu-item menu-item-type-post_type menu-item-object-page menu-item-1646\"><a href=\"https:\/\/dev.madnesscanada.com\/fr\/resources\/scholarship\/community-living\/\">Savoir exp\u00e9riential \/ communat\u00e9<\/a><\/li>\n<li class=\"menu-item menu-item-type-post_type menu-item-object-page menu-item-1648\"><a href=\"https:\/\/dev.madnesscanada.com\/fr\/resources\/scholarship\/diagnosis-understanding\/\">Diagnostic \/ compr\u00e9hension<\/a><\/li>\n<li class=\"menu-item menu-item-type-post_type menu-item-object-page menu-item-1649\"><a href=\"https:\/\/dev.madnesscanada.com\/fr\/resources\/scholarship\/equity\/\">\u00c9quit\u00e9<\/a><\/li>\n<li class=\"menu-item menu-item-type-post_type menu-item-object-page menu-item-1651\"><a href=\"https:\/\/dev.madnesscanada.com\/fr\/resources\/scholarship\/gender-sexuality\/\">Genre \/ sexualit\u00e9<\/a><\/li>\n<li class=\"menu-item menu-item-type-post_type menu-item-object-page menu-item-1652\"><a href=\"https:\/\/dev.madnesscanada.com\/fr\/resources\/scholarship\/institutions\/\">Institutions<\/a><\/li>\n<li class=\"menu-item menu-item-type-post_type menu-item-object-page menu-item-1653\"><a href=\"https:\/\/dev.madnesscanada.com\/fr\/resources\/scholarship\/law-policy\/\">Lois \/ politiques<\/a><\/li>\n<li class=\"menu-item menu-item-type-post_type menu-item-object-page menu-item-1654\"><a href=\"https:\/\/dev.madnesscanada.com\/fr\/resources\/scholarship\/patient-lives\/\">V\u00e9cu du patient<\/a><\/li>\n<li class=\"menu-item menu-item-type-post_type menu-item-object-page menu-item-1655\"><a href=\"https:\/\/dev.madnesscanada.com\/fr\/resources\/scholarship\/practitioners\/\">Praticiens<\/a><\/li>\n<li class=\"menu-item menu-item-type-post_type menu-item-object-page menu-item-1656\"><a href=\"https:\/\/dev.madnesscanada.com\/fr\/resources\/scholarship\/psychiatry-psychology\/\">Psychiatrie \/ psychologie<\/a><\/li>\n<li class=\"menu-item menu-item-type-post_type menu-item-object-page menu-item-1650\"><a href=\"https:\/\/dev.madnesscanada.com\/fr\/resources\/scholarship\/race\/\">Race<\/a><\/li>\n<li class=\"menu-item menu-item-type-post_type menu-item-object-page menu-item-1657\"><a href=\"https:\/\/dev.madnesscanada.com\/fr\/resources\/scholarship\/treatment\/\">Traitement<\/a><\/li>\n<\/ul><\/nav><\/div><!-- \/Widget Shortcode --><\/div>\r\n<p>[breadcrumb]<\/p>\r\n<h1>Publications scientifiques<\/h1>\r\n<p>La section fournit des listes th\u00e9matiques (disponibles en format PDF) d\u2019ouvrages pertinents et parfois difficiles \u00e0 trouver, notamment des livres, des articles et des th\u00e8ses universitaires portant sur diff\u00e9rents aspects de la folie, de la maladie mentale, des politiques, des traitements et du militantisme en la mati\u00e8re. Nous avons adopt\u00e9 une interpr\u00e9tation large du mot \u00ab\u00a0recherche\u00a0\u00bb et inclus des articles qui rendent compte d\u2019observations critiques et d\u2019enseignements tir\u00e9s de l\u2019exp\u00e9rience.<\/p>\r\n<p>Veuillez cliquer sur les titres de sujets pour d\u00e9couvrir nos propositions de recherche.<\/p>\r\n<p>&nbsp;<\/p>\r\n<!-- \/wp:html -->","protected":false},"excerpt":{"rendered":"<p>[breadcrumb] Publications scientifiques La section fournit des listes th\u00e9matiques (disponibles en format PDF) d\u2019ouvrages pertinents et parfois difficiles \u00e0 trouver, notamment des livres, des articles et des th\u00e8ses universitaires portant sur diff\u00e9rents aspects de la folie, de la maladie mentale, des politiques, des traitements et du militantisme en la mati\u00e8re. Nous avons adopt\u00e9 une interpr\u00e9tation &hellip; <\/p>\n<p class=\"link-more\"><a href=\"https:\/\/dev.madnesscanada.com\/fr\/resources\/scholarship\/\" class=\"more-link\">Continuer la lecture<span class=\"screen-reader-text\"> de &laquo;&nbsp;Publications scientifiques&nbsp;&raquo;<\/span><\/a><\/p>\n","protected":false},"author":3,"featured_media":0,"parent":143,"menu_order":0,"comment_status":"closed","ping_status":"closed","template":"","meta":{"footnotes":""},"class_list":["post-830","page","type-page","status-publish","hentry"],"_links":{"self":[{"href":"https:\/\/dev.madnesscanada.com\/fr\/wp-json\/wp\/v2\/pages\/830","targetHints":{"allow":["GET"]}}],"collection":[{"href":"https:\/\/dev.madnesscanada.com\/fr\/wp-json\/wp\/v2\/pages"}],"about":[{"href":"https:\/\/dev.madnesscanada.com\/fr\/wp-json\/wp\/v2\/types\/page"}],"author":[{"embeddable":true,"href":"https:\/\/dev.madnesscanada.com\/fr\/wp-json\/wp\/v2\/users\/3"}],"replies":[{"embeddable":true,"href":"https:\/\/dev.madnesscanada.com\/fr\/wp-json\/wp\/v2\/comments?post=830"}],"version-history":[{"count":27,"href":"https:\/\/dev.madnesscanada.com\/fr\/wp-json\/wp\/v2\/pages\/830\/revisions"}],"predecessor-version":[{"id":6679,"href":"https:\/\/dev.madnesscanada.com\/fr\/wp-json\/wp\/v2\/pages\/830\/revisions\/6679"}],"up":[{"embeddable":true,"href":"https:\/\/dev.madnesscanada.com\/fr\/wp-json\/wp\/v2\/pages\/143"}],"wp:attachment":[{"href":"https:\/\/dev.madnesscanada.com\/fr\/wp-json\/wp\/v2\/media?parent=830"}],"curies":[{"name":"wp","href":"https:\/\/api.w.org\/{rel}","templated":true}]}}