{"id":9196,"date":"2020-04-23T14:59:13","date_gmt":"2020-04-23T18:59:13","guid":{"rendered":"http:\/\/aftertheasylum.ca\/new-wordpress\/?page_id=2997"},"modified":"2022-06-22T13:37:33","modified_gmt":"2022-06-22T17:37:33","slug":"francais-page-un","status":"publish","type":"page","link":"https:\/\/dev.madnesscanada.com\/fr\/after-the-asylum\/survivor-culture\/francais-solidarite-psychiatrie\/francais-page-un\/","title":{"rendered":"Le premier noyau"},"content":{"rendered":"<p><\/p>\n<!-- Widget Shortcode --><div id=\"nav_menu-64\" class=\"widget widget_nav_menu widget-shortcode area-arbitrary \"><h2 class=\"widgettitle\">(English) AFTER THE ASYLUM<\/h2><nav class=\"menu-after-the-asylum-container\" aria-label=\"(English) AFTER THE ASYLUM\"><ul id=\"menu-after-the-asylum\" class=\"menu\"><li id=\"menu-item-9203\" class=\"menu-item menu-item-type-post_type menu-item-object-page menu-item-9203\"><a href=\"https:\/\/dev.madnesscanada.com\/fr\/after-the-asylum\/policy-and-practice\/\">Politiques de sant\u00e9 mentale<\/a><\/li>\n<li id=\"menu-item-9208\" class=\"menu-item menu-item-type-post_type menu-item-object-page menu-item-9208\"><a href=\"https:\/\/dev.madnesscanada.com\/fr\/after-the-asylum\/peer-support-activism\/\">Soutien par les pairs et activisme<\/a><\/li>\n<li id=\"menu-item-9207\" class=\"menu-item menu-item-type-post_type menu-item-object-page menu-item-9207\"><a href=\"https:\/\/dev.madnesscanada.com\/fr\/after-the-asylum\/survivor-culture\/\">Culture de la survivante<\/a><\/li>\n<li id=\"menu-item-9206\" class=\"menu-item menu-item-type-post_type menu-item-object-page menu-item-9206\"><a href=\"https:\/\/dev.madnesscanada.com\/fr\/after-the-asylum\/case-studies\/\">\u00c9tudes de cas<\/a><\/li>\n<\/ul><\/nav><\/div><!-- \/Widget Shortcode -->\n<!-- Widget Shortcode --><div id=\"search-3\" class=\"widget widget_search widget-shortcode area-arbitrary \"><h2 class=\"widgettitle\">(English) SEARCH<\/h2>\n\n<form role=\"search\" method=\"get\" class=\"search-form\" action=\"https:\/\/dev.madnesscanada.com\/fr\/\">\n\t<label for=\"search-form-1\">\n\t\t<span class=\"screen-reader-text\">\n\t\t\tRecherche pour :\t\t<\/span>\n\t<\/label>\n\t<input type=\"search\" id=\"search-form-1\" class=\"search-field\" placeholder=\"Recherche&hellip;\" value=\"\" name=\"s\" \/>\n\t<button type=\"submit\" class=\"search-submit\"><svg class=\"icon icon-search\" aria-hidden=\"true\" role=\"img\"> <use href=\"#icon-search\" xlink:href=\"#icon-search\"><\/use> <\/svg><span class=\"screen-reader-text\">\n\t\tRecherche\t<\/span><\/button>\n<\/form>\n<\/div><!-- \/Widget Shortcode -->\n<div class=\"rightmenu\"><!-- Widget Shortcode --><div id=\"nav_menu-86\" class=\"widget widget_nav_menu widget-shortcode area-arbitrary \"><h2 class=\"widgettitle\">(English) Explore More<\/h2><nav class=\"menu-solidarite-psychiatrie-container\" aria-label=\"(English) Explore More\"><ul id=\"menu-solidarite-psychiatrie\" class=\"menu\"><li id=\"menu-item-9358\" class=\"menu-item menu-item-type-post_type menu-item-object-page menu-item-9358\"><a href=\"https:\/\/dev.madnesscanada.com\/fr\/after-the-asylum\/survivor-culture\/francais-solidarite-psychiatrie\/\">Solidarit\u00e9-Psychiatrie<\/a><\/li>\n<li id=\"menu-item-9364\" class=\"menu-item menu-item-type-post_type menu-item-object-page menu-item-9364\"><a href=\"https:\/\/dev.madnesscanada.com\/fr\/after-the-asylum\/survivor-culture\/francais-solidarite-psychiatrie\/francais-page-un\/\">Le premier noyau<\/a><\/li>\n<li id=\"menu-item-9363\" class=\"menu-item menu-item-type-post_type menu-item-object-page menu-item-9363\"><a href=\"https:\/\/dev.madnesscanada.com\/fr\/after-the-asylum\/survivor-culture\/francais-solidarite-psychiatrie\/francais-page-deux\/\">Une interpr\u00e9tation alternative<\/a><\/li>\n<li id=\"menu-item-9362\" class=\"menu-item menu-item-type-post_type menu-item-object-page menu-item-9362\"><a href=\"https:\/\/dev.madnesscanada.com\/fr\/after-the-asylum\/survivor-culture\/francais-solidarite-psychiatrie\/francais-page-trois\/\">Des projets artistiques<\/a><\/li>\n<li id=\"menu-item-9361\" class=\"menu-item menu-item-type-post_type menu-item-object-page menu-item-9361\"><a href=\"https:\/\/dev.madnesscanada.com\/fr\/after-the-asylum\/survivor-culture\/francais-solidarite-psychiatrie\/francais-page-quatre\/\">Une \u00e9volution cyclique<\/a><\/li>\n<li id=\"menu-item-9360\" class=\"menu-item menu-item-type-post_type menu-item-object-page menu-item-9360\"><a href=\"https:\/\/dev.madnesscanada.com\/fr\/after-the-asylum\/survivor-culture\/francais-solidarite-psychiatrie\/francais-page-cinq\/\">Sources<\/a><\/li>\n<li id=\"menu-item-9359\" class=\"menu-item menu-item-type-post_type menu-item-object-page menu-item-9359\"><a href=\"https:\/\/dev.madnesscanada.com\/fr\/after-the-asylum\/survivor-culture\/\">Culture survivante<\/a><\/li>\n<\/ul><\/nav><\/div><!-- \/Widget Shortcode --><\/div>\n<p>[breadcrumb]<\/p>\n<h1>Le premier noyau<\/h1>\n<figure id=\"attachment_3348\" aria-describedby=\"caption-attachment-3348\" style=\"width: 290px\" class=\"wp-caption alignleft\"><a href=\"https:\/\/dev.madnesscanada.com\/wp-content\/uploads\/2020\/04\/graphic-from-la-press-article.jpg\"><img loading=\"lazy\" decoding=\"async\" class=\"size-medium wp-image-3348\" src=\"https:\/\/dev.madnesscanada.com\/wp-content\/uploads\/2020\/04\/graphic-from-la-press-article-290x300.jpg\" alt=\"sketch of man huddled in corner with bootle of pills and watch in foregard\" width=\"290\" height=\"300\" \/><\/a><figcaption id=\"caption-attachment-3348\" class=\"wp-caption-text\">La psychiatrie hors les murs: graphic de La Press, 1985.<\/figcaption><\/figure>\n<p>Solidarit\u00e9-Psychiatrie est n\u00e9 d\u2019une exp\u00e9rience mise de l\u2019avant \u00e0 la clinique de psychiatrie de l\u2019h\u00f4pital Jean-Talon de Montr\u00e9al par le psychologue Robert Letendre et la travailleuse sociale Chantal Saab. Irrit\u00e9s par le r\u00f4le normatif qui leur \u00e9tait prescrit et d\u00e9plorant l\u2019infantilisation des patients provoqu\u00e9e par la dynamique hospitali\u00e8re, ils mettent sur pied un Centre de psychiatrie communautaire \u00e0 l\u2019int\u00e9rieur de l\u2019\u00e9tablissement. Le centre vise alors \u00e0 offrir aux patients un environnement social exempt de rapports hi\u00e9rarchiques entre l\u2019\u00e9quipe m\u00e9dicale et les personnes psychiatris\u00e9es. Malgr\u00e9 cet engagement, le projet est vite d\u00e9tourn\u00e9 de ses objectifs et les rapports de force institutionnels pr\u00e9existants ressurgissent.<\/p>\n<p>Constatant l\u2019impossibilit\u00e9 de s\u2019affranchir de la logique psychiatrique entre les murs de l\u2019h\u00f4pital, le groupe majoritairement compos\u00e9 de patients d\u00e9cide de se r\u00e9unir \u00e0 l\u2019ext\u00e9rieur. Ce premier noyau tient alors des rencontres informelles, tant\u00f4t chez l\u2019un, tant\u00f4t chez l\u2019autre, afin de r\u00e9fl\u00e9chir \u00e0 diff\u00e9rents moyens d\u2019action. \u00c0 l\u2019aide des journaux de quartier, de la radio et du bouche-\u00e0-oreille, le groupe parvient \u00e0 rejoindre de nouvelles personnes, insatisfaites par les services de psychiatrie traditionnels et d\u00e9sireuses d\u2019\u00e9tablir de nouveaux liens de solidarit\u00e9. Cette d\u00e9marche aboutit \u00e0 la fondation de Solidarit\u00e9-Psychiatrie en mai 1979. D\u00e9sormais incorpor\u00e9, l\u2019organisme continue de tenir des r\u00e9unions chez ses diff\u00e9rents membres afin d\u2019offrir un espace de r\u00e9flexion, d\u2019action et d\u2019entraide. D\u2019abord bimensuelles, les rencontres deviennent rapidement hebdomadaires. L\u2019ann\u00e9e suivante, le groupe r\u00e9ussit \u00e0 obtenir une subvention qui lui permet de faire l\u2019acquisition de son premier local. Situ\u00e9 au 7401 de la rue Saint-Hubert, ce local augmente la visibilit\u00e9 du groupe tout en offrant un espace permanent d\u2019\u00e9changes, de cr\u00e9ation et de solidarit\u00e9.<\/p>","protected":false},"excerpt":{"rendered":"<p>[breadcrumb] Le premier noyau Solidarit\u00e9-Psychiatrie est n\u00e9 d\u2019une exp\u00e9rience mise de l\u2019avant \u00e0 la clinique de psychiatrie de l\u2019h\u00f4pital Jean-Talon de Montr\u00e9al par le psychologue Robert Letendre et la travailleuse sociale Chantal Saab. Irrit\u00e9s par le r\u00f4le normatif qui leur \u00e9tait prescrit et d\u00e9plorant l\u2019infantilisation des patients provoqu\u00e9e par la dynamique hospitali\u00e8re, ils mettent sur &hellip; <\/p>\n<p class=\"link-more\"><a href=\"https:\/\/dev.madnesscanada.com\/fr\/after-the-asylum\/survivor-culture\/francais-solidarite-psychiatrie\/francais-page-un\/\" class=\"more-link\">Continuer la lecture<span class=\"screen-reader-text\"> de &laquo;&nbsp;Le premier noyau&nbsp;&raquo;<\/span><\/a><\/p>\n","protected":false},"author":3,"featured_media":0,"parent":9148,"menu_order":0,"comment_status":"closed","ping_status":"closed","template":"","meta":{"footnotes":""},"class_list":["post-9196","page","type-page","status-publish","hentry"],"_links":{"self":[{"href":"https:\/\/dev.madnesscanada.com\/fr\/wp-json\/wp\/v2\/pages\/9196","targetHints":{"allow":["GET"]}}],"collection":[{"href":"https:\/\/dev.madnesscanada.com\/fr\/wp-json\/wp\/v2\/pages"}],"about":[{"href":"https:\/\/dev.madnesscanada.com\/fr\/wp-json\/wp\/v2\/types\/page"}],"author":[{"embeddable":true,"href":"https:\/\/dev.madnesscanada.com\/fr\/wp-json\/wp\/v2\/users\/3"}],"replies":[{"embeddable":true,"href":"https:\/\/dev.madnesscanada.com\/fr\/wp-json\/wp\/v2\/comments?post=9196"}],"version-history":[{"count":2,"href":"https:\/\/dev.madnesscanada.com\/fr\/wp-json\/wp\/v2\/pages\/9196\/revisions"}],"predecessor-version":[{"id":9503,"href":"https:\/\/dev.madnesscanada.com\/fr\/wp-json\/wp\/v2\/pages\/9196\/revisions\/9503"}],"up":[{"embeddable":true,"href":"https:\/\/dev.madnesscanada.com\/fr\/wp-json\/wp\/v2\/pages\/9148"}],"wp:attachment":[{"href":"https:\/\/dev.madnesscanada.com\/fr\/wp-json\/wp\/v2\/media?parent=9196"}],"curies":[{"name":"wp","href":"https:\/\/api.w.org\/{rel}","templated":true}]}}