{"id":9199,"date":"2020-04-23T15:01:28","date_gmt":"2020-04-23T19:01:28","guid":{"rendered":"http:\/\/aftertheasylum.ca\/new-wordpress\/?page_id=3003"},"modified":"2022-06-22T13:38:48","modified_gmt":"2022-06-22T17:38:48","slug":"francais-page-quatre","status":"publish","type":"page","link":"https:\/\/dev.madnesscanada.com\/fr\/after-the-asylum\/survivor-culture\/francais-solidarite-psychiatrie\/francais-page-quatre\/","title":{"rendered":"Une \u00e9volution cyclique"},"content":{"rendered":"<p><\/p>\n<!-- Widget Shortcode --><div id=\"nav_menu-64\" class=\"widget widget_nav_menu widget-shortcode area-arbitrary \"><h2 class=\"widgettitle\">(English) AFTER THE ASYLUM<\/h2><nav class=\"menu-after-the-asylum-container\" aria-label=\"(English) AFTER THE ASYLUM\"><ul id=\"menu-after-the-asylum\" class=\"menu\"><li id=\"menu-item-9203\" class=\"menu-item menu-item-type-post_type menu-item-object-page menu-item-9203\"><a href=\"https:\/\/dev.madnesscanada.com\/fr\/after-the-asylum\/policy-and-practice\/\">Politiques de sant\u00e9 mentale<\/a><\/li>\n<li id=\"menu-item-9208\" class=\"menu-item menu-item-type-post_type menu-item-object-page menu-item-9208\"><a href=\"https:\/\/dev.madnesscanada.com\/fr\/after-the-asylum\/peer-support-activism\/\">Soutien par les pairs et activisme<\/a><\/li>\n<li id=\"menu-item-9207\" class=\"menu-item menu-item-type-post_type menu-item-object-page menu-item-9207\"><a href=\"https:\/\/dev.madnesscanada.com\/fr\/after-the-asylum\/survivor-culture\/\">Culture de la survivante<\/a><\/li>\n<li id=\"menu-item-9206\" class=\"menu-item menu-item-type-post_type menu-item-object-page menu-item-9206\"><a href=\"https:\/\/dev.madnesscanada.com\/fr\/after-the-asylum\/case-studies\/\">\u00c9tudes de cas<\/a><\/li>\n<\/ul><\/nav><\/div><!-- \/Widget Shortcode -->\n<!-- Widget Shortcode --><div id=\"search-3\" class=\"widget widget_search widget-shortcode area-arbitrary \"><h2 class=\"widgettitle\">(English) SEARCH<\/h2>\n\n<form role=\"search\" method=\"get\" class=\"search-form\" action=\"https:\/\/dev.madnesscanada.com\/fr\/\">\n\t<label for=\"search-form-1\">\n\t\t<span class=\"screen-reader-text\">\n\t\t\tRecherche pour :\t\t<\/span>\n\t<\/label>\n\t<input type=\"search\" id=\"search-form-1\" class=\"search-field\" placeholder=\"Recherche&hellip;\" value=\"\" name=\"s\" \/>\n\t<button type=\"submit\" class=\"search-submit\"><svg class=\"icon icon-search\" aria-hidden=\"true\" role=\"img\"> <use href=\"#icon-search\" xlink:href=\"#icon-search\"><\/use> <\/svg><span class=\"screen-reader-text\">\n\t\tRecherche\t<\/span><\/button>\n<\/form>\n<\/div><!-- \/Widget Shortcode -->\n<div class=\"rightmenu\"><!-- Widget Shortcode --><div id=\"nav_menu-86\" class=\"widget widget_nav_menu widget-shortcode area-arbitrary \"><h2 class=\"widgettitle\">(English) Explore More<\/h2><nav class=\"menu-solidarite-psychiatrie-container\" aria-label=\"(English) Explore More\"><ul id=\"menu-solidarite-psychiatrie\" class=\"menu\"><li id=\"menu-item-9358\" class=\"menu-item menu-item-type-post_type menu-item-object-page menu-item-9358\"><a href=\"https:\/\/dev.madnesscanada.com\/fr\/after-the-asylum\/survivor-culture\/francais-solidarite-psychiatrie\/\">Solidarit\u00e9-Psychiatrie<\/a><\/li>\n<li id=\"menu-item-9364\" class=\"menu-item menu-item-type-post_type menu-item-object-page menu-item-9364\"><a href=\"https:\/\/dev.madnesscanada.com\/fr\/after-the-asylum\/survivor-culture\/francais-solidarite-psychiatrie\/francais-page-un\/\">Le premier noyau<\/a><\/li>\n<li id=\"menu-item-9363\" class=\"menu-item menu-item-type-post_type menu-item-object-page menu-item-9363\"><a href=\"https:\/\/dev.madnesscanada.com\/fr\/after-the-asylum\/survivor-culture\/francais-solidarite-psychiatrie\/francais-page-deux\/\">Une interpr\u00e9tation alternative<\/a><\/li>\n<li id=\"menu-item-9362\" class=\"menu-item menu-item-type-post_type menu-item-object-page menu-item-9362\"><a href=\"https:\/\/dev.madnesscanada.com\/fr\/after-the-asylum\/survivor-culture\/francais-solidarite-psychiatrie\/francais-page-trois\/\">Des projets artistiques<\/a><\/li>\n<li id=\"menu-item-9361\" class=\"menu-item menu-item-type-post_type menu-item-object-page menu-item-9361\"><a href=\"https:\/\/dev.madnesscanada.com\/fr\/after-the-asylum\/survivor-culture\/francais-solidarite-psychiatrie\/francais-page-quatre\/\">Une \u00e9volution cyclique<\/a><\/li>\n<li id=\"menu-item-9360\" class=\"menu-item menu-item-type-post_type menu-item-object-page menu-item-9360\"><a href=\"https:\/\/dev.madnesscanada.com\/fr\/after-the-asylum\/survivor-culture\/francais-solidarite-psychiatrie\/francais-page-cinq\/\">Sources<\/a><\/li>\n<li id=\"menu-item-9359\" class=\"menu-item menu-item-type-post_type menu-item-object-page menu-item-9359\"><a href=\"https:\/\/dev.madnesscanada.com\/fr\/after-the-asylum\/survivor-culture\/\">Culture survivante<\/a><\/li>\n<\/ul><\/nav><\/div><!-- \/Widget Shortcode --><\/div>\n<p>[breadcrumb]<\/p>\n<h1>Une \u00e9volution cyclique<\/h1>\n<p>Soucieux de permettre \u00e0 l\u2019ensemble de ses membres de se faire entendre, Solidarit\u00e9-Psychiatrie cherche constamment \u00e0 harmoniser les divergences et r\u00e9soudre les conflits internes. Apr\u00e8s les premi\u00e8res ann\u00e9es d\u2019effervescence, un certain essoufflement se fait rapidement sentir. Peu \u00e0 peu au milieu des ann\u00e9es 1980, plusieurs des membres fondateurs quittent le groupe. Les ateliers qui s\u2019\u00e9taient jusqu\u2019alors multipli\u00e9s voient leur fr\u00e9quentation diminuer. De plus, deux grandes tendances divisent les membres\u00a0: l\u2019une pr\u00e9conise surtout le soutien et le d\u00e9pannage, alors que l\u2019autre est davantage ax\u00e9e sur la mobilisation et la d\u00e9fense des droits. Malgr\u00e9 la volont\u00e9 du groupe d\u2019\u00e9tablir des relations exemptes de hi\u00e9rarchie entre ses membres, certaines probl\u00e9matiques pr\u00e9sentes au local, notamment la consommation d\u2019alcool et de drogues qui engendrent certains comportements violents, am\u00e8nent l\u2019administration \u00e0 instaurer des r\u00e8glements plus rigides. L\u2019embauche de coordonnateurs salari\u00e9s suscite \u00e9galement les critiques de certains membres qui y voient une distinction entre les personnes travaillant \u00e0 l\u2019administration et les autres. La mauvaise gestion budg\u00e9taire met \u00e9galement le groupe \u00e0 rude \u00e9preuve.<\/p>\n<p><a href=\"https:\/\/dev.madnesscanada.com\/wp-content\/uploads\/2020\/04\/article-re-SoldPsych-La-Press-1985-front-page-and-article.pdf\" target=\"_blank\" rel=\"noopener noreferrer\"><strong>Un article de La Press de 1985 sur l&rsquo;organisation.<\/strong><\/a><\/p>\n<p>Malgr\u00e9 tout, Solidarit\u00e9-Psychiatrie connait une \u00e9volution cyclique. Les restructurations et la mise en branle de nouveaux projets succ\u00e8dent aux p\u00e9riodes de crise et l\u2019arriv\u00e9e de nouveaux membres vient souvent redynamiser le groupe. Parmi les diff\u00e9rentes initiatives mises de l\u2019avant afin de donner un nouvel \u00e9lan \u00e0 l\u2019organisme, soulignons le d\u00e9m\u00e9nagement vers un local de la rue Beaubien en 1988, la r\u00e9alisation du documentaire Clef de Sol\u00a0: \u00ab\u00a0Foug\u00e8res\u00a0\u00bb en R\u00c9 majeur en 1990, la mise sur pied d\u2019un casse-cro\u00fbte communautaire, de m\u00eame que la tenue de mini-colloques en 1994 et 1996. De l\u2019avis m\u00eame de certains membres plus critiques, Solidarit\u00e9-Psychiatrie reste un organisme unique, offrant aux personnes psychiatris\u00e9es une libert\u00e9 sans \u00e9quivalent ailleurs au Qu\u00e9bec. Malgr\u00e9 les in\u00e9vitables dissensions que cela implique, l\u2019organisme essai toujours de permettre \u00e0 chacun de s\u2019exprimer et de remettre en question les d\u00e9cisions du groupe.<\/p>\n<p>Rebaptis\u00e9 Solidarit\u00e9 alternative en sant\u00e9 mentale en 1998, le regroupement poursuit sa mission jusqu\u2019en 2007, au moment o\u00f9 une ultime crise interne doubl\u00e9e de difficult\u00e9s financi\u00e8res lui assigne le coup de gr\u00e2ce mettant d\u00e9finitivement fin \u00e0 ses activit\u00e9s.<\/p>","protected":false},"excerpt":{"rendered":"<p>[breadcrumb] Une \u00e9volution cyclique Soucieux de permettre \u00e0 l\u2019ensemble de ses membres de se faire entendre, Solidarit\u00e9-Psychiatrie cherche constamment \u00e0 harmoniser les divergences et r\u00e9soudre les conflits internes. Apr\u00e8s les premi\u00e8res ann\u00e9es d\u2019effervescence, un certain essoufflement se fait rapidement sentir. Peu \u00e0 peu au milieu des ann\u00e9es 1980, plusieurs des membres fondateurs quittent le groupe. &hellip; <\/p>\n<p class=\"link-more\"><a href=\"https:\/\/dev.madnesscanada.com\/fr\/after-the-asylum\/survivor-culture\/francais-solidarite-psychiatrie\/francais-page-quatre\/\" class=\"more-link\">Continuer la lecture<span class=\"screen-reader-text\"> de &laquo;&nbsp;Une \u00e9volution cyclique&nbsp;&raquo;<\/span><\/a><\/p>\n","protected":false},"author":3,"featured_media":0,"parent":9148,"menu_order":3,"comment_status":"closed","ping_status":"closed","template":"","meta":{"footnotes":""},"class_list":["post-9199","page","type-page","status-publish","hentry"],"_links":{"self":[{"href":"https:\/\/dev.madnesscanada.com\/fr\/wp-json\/wp\/v2\/pages\/9199","targetHints":{"allow":["GET"]}}],"collection":[{"href":"https:\/\/dev.madnesscanada.com\/fr\/wp-json\/wp\/v2\/pages"}],"about":[{"href":"https:\/\/dev.madnesscanada.com\/fr\/wp-json\/wp\/v2\/types\/page"}],"author":[{"embeddable":true,"href":"https:\/\/dev.madnesscanada.com\/fr\/wp-json\/wp\/v2\/users\/3"}],"replies":[{"embeddable":true,"href":"https:\/\/dev.madnesscanada.com\/fr\/wp-json\/wp\/v2\/comments?post=9199"}],"version-history":[{"count":1,"href":"https:\/\/dev.madnesscanada.com\/fr\/wp-json\/wp\/v2\/pages\/9199\/revisions"}],"predecessor-version":[{"id":9506,"href":"https:\/\/dev.madnesscanada.com\/fr\/wp-json\/wp\/v2\/pages\/9199\/revisions\/9506"}],"up":[{"embeddable":true,"href":"https:\/\/dev.madnesscanada.com\/fr\/wp-json\/wp\/v2\/pages\/9148"}],"wp:attachment":[{"href":"https:\/\/dev.madnesscanada.com\/fr\/wp-json\/wp\/v2\/media?parent=9199"}],"curies":[{"name":"wp","href":"https:\/\/api.w.org\/{rel}","templated":true}]}}